{"id":1365,"date":"2023-09-14T14:40:23","date_gmt":"2023-09-14T12:40:23","guid":{"rendered":"http:\/\/jordigiribets.vl23986.dinaserver.com\/?page_id=1365"},"modified":"2025-02-24T11:21:20","modified_gmt":"2025-02-24T10:21:20","slug":"tipus-de-fusta","status":"publish","type":"page","link":"https:\/\/www.jordigiribets.com\/ca\/tipus-de-fusta\/","title":{"rendered":"Fustes"},"content":{"rendered":"\n<div class=\"wp-block-cover\" style=\"min-height:450px;aspect-ratio:unset;\"><span aria-hidden=\"true\" class=\"wp-block-cover__background has-gray-900-background-color has-background-dim\"><\/span><img loading=\"lazy\" decoding=\"async\" width=\"2048\" height=\"1367\" class=\"wp-block-cover__image-background wp-image-7698\" alt=\"\" src=\"https:\/\/www.jordigiribets.com\/wp-content\/uploads\/2025\/01\/small-pile-wood-background-scaled.jpg\" data-object-fit=\"cover\" title=\"\" srcset=\"https:\/\/www.jordigiribets.com\/wp-content\/uploads\/2025\/01\/small-pile-wood-background-scaled.jpg 2048w, https:\/\/www.jordigiribets.com\/wp-content\/uploads\/2025\/01\/small-pile-wood-background-480x320.jpg 480w, https:\/\/www.jordigiribets.com\/wp-content\/uploads\/2025\/01\/small-pile-wood-background-986x658.jpg 986w, https:\/\/www.jordigiribets.com\/wp-content\/uploads\/2025\/01\/small-pile-wood-background-768x513.jpg 768w, https:\/\/www.jordigiribets.com\/wp-content\/uploads\/2025\/01\/small-pile-wood-background-1536x1025.jpg 1536w, https:\/\/www.jordigiribets.com\/wp-content\/uploads\/2025\/01\/small-pile-wood-background-380x254.jpg 380w\" sizes=\"auto, (max-width: 2048px) 100vw, 2048px\" \/><div class=\"wp-block-cover__inner-container is-layout-constrained wp-block-cover-is-layout-constrained\">\n<div class=\"wp-block-uagb-advanced-heading uagb-block-ae026567\"><p class=\"uagb-heading-text\">Especialistes en tipus de fustes amb tractament autoclau<\/p><p class=\"uagb-desc-text\">Disposem d&#8217;esp\u00e8cies com a pi, avet o cedre d&#8217;alta qualitat per a realitzar diferents mecanitzats i aplicacions.<\/p><\/div>\n\n\n\n<div style=\"height:30px\" aria-hidden=\"true\" class=\"wp-block-spacer\"><\/div>\n\n\n\n<div class=\"wp-block-uagb-buttons uagb-buttons__outer-wrap uagb-btn__default-btn uagb-btn-tablet__default-btn uagb-btn-mobile__default-btn uagb-block-jnjwtti0\"><div class=\"uagb-buttons__wrap uagb-buttons-layout-wrap \">\n<div class=\"wp-block-uagb-buttons-child uagb-buttons__outer-wrap uagb-block-gtxqy0rx wp-block-button\"><div class=\"uagb-button__wrapper\"><a class=\"uagb-buttons-repeater wp-block-button__link\" aria-label=\"\" href=\"https:\/\/www.jordigiribets.com\/ca\/productes\/\" rel=\"follow noopener\" target=\"_blank\" role=\"button\"><div class=\"uagb-button__link\">Anar a botiga online<\/div><\/a><\/div><\/div>\n<\/div><\/div>\n<\/div><\/div>\n\n\n\n<div class=\"wp-block-uagb-info-box uagb-block-65a8cc48 spectra-gbs-info-box-secciones1736251286286 uagb-infobox__content-wrap  uagb-infobox-icon-above-title uagb-infobox-image-valign-top wp-block-uagb-info-box--has-margin\"><div class=\"uagb-infobox-margin-wrapper\"><div class=\"uagb-ifb-content\"><div class=\"uagb-ifb-title-wrap\"><p class=\"uagb-ifb-title\">Tipus de Fustes Con\u00edferes<\/p><\/div><div class=\"uagb-ifb-separator\"><\/div><p class=\"uagb-ifb-desc\">S\u00f3n les m\u00e9s usades, i destaquen per la seva lleugeresa i pel seu cost m\u00e9s barat. S&#8217;obtenen dels\u00a0arbres de creixement r\u00e0pid, perennes i con\u00edferes.<br><br>Es tracten de fustes amb caracter\u00edstiques d\u00factils sobre les quals millor se sol treballar.<\/p><\/div><\/div><\/div>\n\n\n\n<div style=\"height:13px\" aria-hidden=\"true\" class=\"wp-block-spacer\"><\/div>\n\n\n\n<div class=\"wp-block-columns are-vertically-aligned-center is-layout-flex wp-container-core-columns-is-layout-9d6595d7 wp-block-columns-is-layout-flex\">\n<div class=\"wp-block-column is-vertically-aligned-center is-layout-flow wp-block-column-is-layout-flow\">\n<div class=\"wp-block-uagb-info-box uagb-block-01c32ea9 spectra-gbs-info-box-secciones1736251286286 uagb-infobox__content-wrap  uagb-infobox-icon-above-title uagb-infobox-image-valign-top wp-block-uagb-info-box--has-margin\"><div class=\"uagb-infobox-margin-wrapper\"><div class=\"uagb-ifb-content\"><div class=\"uagb-ifb-image-content\"><img decoding=\"async\" src=\"https:\/\/www.jordigiribets.com\/wp-content\/uploads\/2025\/01\/hardwood_17312676-100x100.webp\" alt=\"\" width=\"75\" height=\"75\" loading=\"lazy\" title=\"\"><\/div><div class=\"uagb-ifb-title-wrap\"><h3 class=\"uagb-ifb-title\">Pi Roig<\/h3><\/div><p class=\"uagb-ifb-desc\">Vers\u00e0til, de textura uniforme i menys cost\u00f3s que les fustes dures. Ideal per a fusteria, panells, mobles i motllures.<\/p><div class=\"uagb-ifb-button-wrapper wp-block-button\"><a href=\"https:\/\/www.jordigiribets.com\/wp-content\/uploads\/2024\/05\/Ficha-Tecnica-Jordi-Giribets-Montal-Pi-Roig.pdf\" class=\"uagb-infobox-cta-link wp-block-button__link\" target=\"_blank\" rel=\"noopener noreferrer\" onclick=\"return true;\"><span class=\"uagb-inline-editing\">Fitxa T\u00e8cnica<\/span><\/a><\/div><\/div><\/div><\/div>\n<\/div>\n\n\n\n<div class=\"wp-block-column is-vertically-aligned-center is-layout-flow wp-block-column-is-layout-flow\">\n<div class=\"wp-block-uagb-info-box uagb-block-0ccff9dc spectra-gbs-info-box-secciones1736251286286 uagb-infobox__content-wrap  uagb-infobox-icon-above-title uagb-infobox-image-valign-top wp-block-uagb-info-box--has-margin\"><div class=\"uagb-infobox-margin-wrapper\"><div class=\"uagb-ifb-content\"><div class=\"uagb-ifb-image-content\"><img decoding=\"async\" src=\"https:\/\/www.jordigiribets.com\/wp-content\/uploads\/2025\/01\/wood_3373869-100x100.webp\" alt=\"\" width=\"75\" height=\"75\" loading=\"lazy\" title=\"\"><\/div><div class=\"uagb-ifb-title-wrap\"><h3 class=\"uagb-ifb-title\">Avet<\/h3><\/div><p class=\"uagb-ifb-desc\">Amb bona resist\u00e8ncia i elasticitat. S&#8217;utilitza molt en la construcci\u00f3 de revestiments de&nbsp;paret i sostre.<\/p><div class=\"uagb-ifb-button-wrapper wp-block-button\"><a href=\"https:\/\/www.jordigiribets.com\/wp-content\/uploads\/2024\/05\/Ficha-Tecnica-Jordi-Giribets-Montal-Avet.pdf\" class=\"uagb-infobox-cta-link wp-block-button__link\" target=\"_blank\" rel=\"noopener noreferrer\" onclick=\"return true;\"><span class=\"uagb-inline-editing\">Fitxa T\u00e8cnica<\/span><\/a><\/div><\/div><\/div><\/div>\n<\/div>\n\n\n\n<div class=\"wp-block-column is-vertically-aligned-center is-layout-flow wp-block-column-is-layout-flow\">\n<div class=\"wp-block-uagb-info-box uagb-block-01eb92a2 spectra-gbs-info-box-secciones1736251286286 uagb-infobox__content-wrap  uagb-infobox-icon-above-title uagb-infobox-image-valign-top wp-block-uagb-info-box--has-margin\"><div class=\"uagb-infobox-margin-wrapper\"><div class=\"uagb-ifb-content\"><div class=\"uagb-ifb-image-content\"><img decoding=\"async\" src=\"https:\/\/www.jordigiribets.com\/wp-content\/uploads\/2025\/01\/wood_9744190-100x100.webp\" alt=\"\" width=\"75\" height=\"75\" loading=\"lazy\" title=\"\"><\/div><div class=\"uagb-ifb-title-wrap\"><h3 class=\"uagb-ifb-title\">Cedre<\/h3><\/div><p class=\"uagb-ifb-desc\">De color vermell\u00f3s i sense pr\u00e0cticament nus. S&#8217;usa molt en la construcci\u00f3, per a folrar mobles, etc.<\/p><div class=\"uagb-ifb-button-wrapper wp-block-button\"><a href=\"https:\/\/www.jordigiribets.com\/wp-content\/uploads\/2025\/01\/Cedre-Ficha-Tecnica-CAT.pdf\" class=\"uagb-infobox-cta-link wp-block-button__link\" target=\"_blank\" rel=\"noopener noreferrer\" onclick=\"return true;\"><span class=\"uagb-inline-editing\">Fitxa T\u00e8cnica<\/span><\/a><\/div><\/div><\/div><\/div>\n<\/div>\n<\/div>\n\n\n\n<div style=\"height:30px\" aria-hidden=\"true\" class=\"wp-block-spacer\"><\/div>\n\n\n\n<div class=\"wp-block-uagb-container uag-hide-mob uagb-block-lxr9qiod default uagb-is-root-container\">\n<div class=\"wp-block-uagb-container uag-hide-mob uagb-block-z66vcjkv\"><\/div>\n\n\n\n<div class=\"wp-block-uagb-container uagb-block-vb7jke9z\">\n<header class=\"wp-block-uagb-info-box uagb-block-60de232d uagb-infobox__content-wrap  uagb-infobox-icon-above-title uagb-infobox-image-valign-top wp-block-uagb-info-box--has-margin\"><div class=\"uagb-infobox-margin-wrapper\"><div class=\"uagb-ifb-content\"><div class=\"uagb-ifb-title-wrap\"><h3 class=\"uagb-ifb-title\">Certificacions Forestals<\/h3><\/div><p class=\"uagb-ifb-desc\">La nostra fusta prov\u00e9 de boscos gestionats de manera sostenible amb certificaci\u00f3\u00a0PEFC\u00a0o\u00a0FSC. Treballem amb un producte de llarga durada gr\u00e0cies al nostre proc\u00e9s de producci\u00f3 cuidat i detallat.<br><br>Aquesta t\u00e9 diferents proced\u00e8ncies, des de Km.0 fins de pa\u00efsos de l&#8217;Est i Nord d&#8217;Europa.<\/p><\/div><\/div><\/header>\n<\/div>\n<\/div>\n\n\n\n<div class=\"wp-block-uagb-container uag-hide-desktop uag-hide-tab uagb-block-50a3cf27 default uagb-is-root-container\">\n<div class=\"wp-block-uagb-container uag-hide-desktop uagb-block-f471b1bc\">\n<header class=\"wp-block-uagb-info-box uagb-block-915872c7 uagb-infobox__content-wrap  uagb-infobox-icon-above-title uagb-infobox-image-valign-top wp-block-uagb-info-box--has-margin\"><div class=\"uagb-infobox-margin-wrapper\"><div class=\"uagb-ifb-content\"><div class=\"uagb-ifb-title-wrap\"><h3 class=\"uagb-ifb-title\">Certificacions Forestals<\/h3><\/div><p class=\"uagb-ifb-desc\">La nostra fusta prov\u00e9 de boscos gestionats de manera sostenible amb certificaci\u00f3\u00a0PEFC\u00a0o\u00a0FSC. Treballem amb un producte de llarga durada gr\u00e0cies al nostre proc\u00e9s de producci\u00f3 cuidat i detallat.<br><br>Aquesta t\u00e9 diferents proced\u00e8ncies, des de Km.0 fins de pa\u00efsos de l&#8217;Est i Nord d&#8217;Europa.<\/p><\/div><\/div><\/header>\n<\/div>\n<\/div>\n\n\n\n<div class=\"wp-block-uagb-container uag-hide-mob uagb-block-df720b00 default uagb-is-root-container\">\n<div class=\"wp-block-uagb-container uag-hide-mob uagb-block-aa72decf\">\n<header class=\"wp-block-uagb-info-box uagb-block-b8d45722 uagb-infobox__content-wrap  uagb-infobox-icon-above-title uagb-infobox-image-valign-top wp-block-uagb-info-box--has-margin\"><div class=\"uagb-infobox-margin-wrapper\"><div class=\"uagb-ifb-content\"><div class=\"uagb-ifb-title-wrap\"><h3 class=\"uagb-ifb-title\">Tractament de qualitat<\/h3><\/div><p class=\"uagb-ifb-desc\">La nostra infraestructura ens permet tractar tota la nostra fusta per a donar-li una gran resist\u00e8ncia a les condicions externes.<br><br>Utilitzem el sistema d&#8217;impregnaci\u00f3 en autoclau de buit &#8211; pressi\u00f3 per a aconseguir una excel\u00b7lent impregnaci\u00f3 del producte en tots els nostres tipus de fustes i articles.<\/p><div class=\"uagb-ifb-button-wrapper wp-block-button\"><a href=\"#\" class=\"uagb-infobox-cta-link wp-block-button__link\" target=\"_self\" rel=\"noopener noreferrer\" onclick=\"return false;\"><span class=\"uagb-inline-editing\">Tractament i propietats<\/span><\/a><\/div><\/div><\/div><\/header>\n<\/div>\n\n\n\n<div class=\"wp-block-uagb-container uagb-block-1f3094f5\"><\/div>\n<\/div>\n\n\n\n<div class=\"wp-block-uagb-container uag-hide-desktop uag-hide-tab uagb-block-e21e46cf default uagb-is-root-container\">\n<div class=\"wp-block-uagb-container uag-hide-desktop uagb-block-3003d4e6\">\n<header class=\"wp-block-uagb-info-box uagb-block-277387e5 uagb-infobox__content-wrap  uagb-infobox-icon-above-title uagb-infobox-image-valign-top wp-block-uagb-info-box--has-margin\"><div class=\"uagb-infobox-margin-wrapper\"><div class=\"uagb-ifb-content\"><div class=\"uagb-ifb-title-wrap\"><h3 class=\"uagb-ifb-title\">Proc\u00e9s de tractament de qualitat<\/h3><\/div><p class=\"uagb-ifb-desc\">La nostra infraestructura ens permet tractar tota la nostra fusta per a donar-li una gran resist\u00e8ncia a les condicions externes.<br><br>Utilitzem el sistema d&#8217;impregnaci\u00f3 en autoclau de buit &#8211; pressi\u00f3 per a aconseguir una excel\u00b7lent impregnaci\u00f3 del producte en tots els nostres tipus de fustes i articles.<\/p><div class=\"uagb-ifb-button-wrapper wp-block-button\"><a href=\"#\" class=\"uagb-infobox-cta-link wp-block-button__link\" target=\"_self\" rel=\"noopener noreferrer\" onclick=\"return false;\"><span class=\"uagb-inline-editing\">Tractament i propietats<\/span><\/a><\/div><\/div><\/div><\/header>\n<\/div>\n<\/div>\n\n\n\n<div style=\"height:25px\" aria-hidden=\"true\" class=\"wp-block-spacer\"><\/div>\n","protected":false},"excerpt":{"rendered":"","protected":false},"author":31,"featured_media":0,"parent":0,"menu_order":0,"comment_status":"closed","ping_status":"closed","template":"","meta":{"_acf_changed":false,"_uag_custom_page_level_css":"","footnotes":""},"class_list":["post-1365","page","type-page","status-publish","hentry"],"acf":[],"uagb_featured_image_src":{"full":false,"thumbnail":false,"medium":false,"medium_large":false,"large":false,"1536x1536":false,"2048x2048":false,"small":false,"woocommerce_thumbnail":false,"woocommerce_single":false,"woocommerce_gallery_thumbnail":false},"uagb_author_info":{"display_name":"Jordi Giribets Montal","author_link":"https:\/\/www.jordigiribets.com\/ca\/author\/general-giribets\/"},"uagb_comment_info":0,"uagb_excerpt":null,"_links":{"self":[{"href":"https:\/\/www.jordigiribets.com\/ca\/wp-json\/wp\/v2\/pages\/1365","targetHints":{"allow":["GET"]}}],"collection":[{"href":"https:\/\/www.jordigiribets.com\/ca\/wp-json\/wp\/v2\/pages"}],"about":[{"href":"https:\/\/www.jordigiribets.com\/ca\/wp-json\/wp\/v2\/types\/page"}],"author":[{"embeddable":true,"href":"https:\/\/www.jordigiribets.com\/ca\/wp-json\/wp\/v2\/users\/31"}],"replies":[{"embeddable":true,"href":"https:\/\/www.jordigiribets.com\/ca\/wp-json\/wp\/v2\/comments?post=1365"}],"version-history":[{"count":70,"href":"https:\/\/www.jordigiribets.com\/ca\/wp-json\/wp\/v2\/pages\/1365\/revisions"}],"predecessor-version":[{"id":8497,"href":"https:\/\/www.jordigiribets.com\/ca\/wp-json\/wp\/v2\/pages\/1365\/revisions\/8497"}],"wp:attachment":[{"href":"https:\/\/www.jordigiribets.com\/ca\/wp-json\/wp\/v2\/media?parent=1365"}],"curies":[{"name":"wp","href":"https:\/\/api.w.org\/{rel}","templated":true}]}}