{"id":1554,"date":"2023-07-28T11:10:29","date_gmt":"2023-07-28T09:10:29","guid":{"rendered":"http:\/\/jordigiribets.vl23986.dinaserver.com\/?page_id=1554"},"modified":"2024-06-12T11:28:05","modified_gmt":"2024-06-12T09:28:05","slug":"politica-privacitat","status":"publish","type":"page","link":"https:\/\/www.jordigiribets.com\/ca\/politica-privacitat\/","title":{"rendered":"Pol\u00edtica de privacitat"},"content":{"rendered":"<h1>Pol\u00edtica de Privacitat de Dades<\/h1>\n<p><strong>\u00daltima actualitzaci\u00f3:<\/strong> 18 de setembre del 2023<\/p>\n<p>En <strong>JORDI GIRIBETS MONTAL<\/strong>, entenem la import\u00e0ncia de protegir la seva privacitat i les seves dades personals.<\/p>\n<p><strong>Qui \u00e9s el responsable de les seves dades personals?<\/strong><\/p>\n<p>En compliment del Reglament (UE) 2016\/679, informem que les seves dades personals seran tractats per <strong>JORDI GIRIBETS MONTAL SLU<\/strong>, amb domicili en <strong>CARRER DEL PINTOR PABLO PICASSO, 1, 3, 08213 POLINY\u00c0<\/strong>, CIF <strong>B64060254<\/strong>, correu electr\u00f2nic <a href=\"mailto:info@jordigiribets.com\"><strong>info@jordigiribets.com<\/strong><\/a>.<\/p>\n<p><strong>Qui \u00e9s el delegat de Protecci\u00f3 de Dades Personals?<\/strong><\/p>\n<p>Pot contactar amb el delegat de Protecci\u00f3 de Dades en l&#8217;adre\u00e7a: <a href=\"mailto:info@jordigiribets.com\">info@jordigiribets.com<\/a>.<\/p>\n<p><strong>Quines Dades Personals es recullen i quina finalitat tenen?<\/strong><\/p>\n<table>\n<thead>\n<tr>\n<th style=\"text-align: center;\">Apartat<\/th>\n<th style=\"text-align: center;\">Dades<\/th>\n<th style=\"text-align: center;\">Finalitat<\/th>\n<\/tr>\n<\/thead>\n<tbody>\n<tr>\n<td>Sol\u00b7licitud Acc\u00e9s \u00c0rea Client<\/td>\n<td>Nom, Aneu client, CIF, correu electr\u00f2nic, tel\u00e8fon<\/td>\n<td>Identificar dades client per a donar acc\u00e9s als serveis en l\u00ednia. Legitimat per la relaci\u00f3 contractual.<\/td>\n<\/tr>\n<tr>\n<td>Sol\u00b7licitud Nou Client<\/td>\n<td>Nom, correu electr\u00f2nic, NIF, Adre\u00e7a i tel\u00e8fon<\/td>\n<td>Creaci\u00f3 del compte per a realitzar comandes i programa de fidelitzaci\u00f3. Legitimat per la relaci\u00f3 contractual.<\/td>\n<\/tr>\n<tr>\n<td>Comanda en l\u00ednia<\/td>\n<td>Nom, adre\u00e7a, tel\u00e8fon, correu electr\u00f2nic, codi postal, ciutat, prov\u00edncia, pa\u00eds<\/td>\n<td>Creaci\u00f3 del compte per a realitzar comandes<\/td>\n<\/tr>\n<tr>\n<td>Formulari de contacte per a clients<\/td>\n<td>Nom, correu electr\u00f2nic, tel\u00e8fon<\/td>\n<td>Contestar la seva pregunta. Legitimat per la seva pr\u00e8via consulta.<\/td>\n<\/tr>\n<tr>\n<td>Newsletters<\/td>\n<td>Nom, correu electr\u00f2nic<\/td>\n<td>Enviament d&#8217;informaci\u00f3 comercial. Legitimat amb el seu consentiment.<\/td>\n<\/tr>\n<tr>\n<td>Consulta producte<\/td>\n<td>Nom, correu electr\u00f2nic, tel\u00e8fon, delegaci\u00f3 empresa\/particular, adre\u00e7a<\/td>\n<td>Contestar la seva pregunta. Legitimat per la seva pr\u00e8via consulta.<\/td>\n<\/tr>\n<tr>\n<td>Gravaci\u00f3 d&#8217;imatges<\/td>\n<td>Imatges de v\u00eddeo i fotografies en els nostres centres<\/td>\n<td>Seguretat en les nostres instal\u00b7lacions.<\/td>\n<\/tr>\n<\/tbody>\n<\/table>\n<p>El seu consentiment pot ser revocat en qualsevol moment.<\/p>\n<p><strong>Per quina ra\u00f3 utilitzem les seves dades personals?<\/strong><\/p>\n<ol>\n<li>En compliment d&#8217;una relaci\u00f3 contractual.<\/li>\n<li>Amb el seu consentiment.<\/li>\n<li>Per inter\u00e8s leg\u00edtim de l&#8217;empresa.<\/li>\n<li>Per a complir obligacions legals.<\/li>\n<\/ol>\n<p>Pot revocar el seu consentiment en qualsevol moment en l&#8217;adre\u00e7a: <a href=\"mailto:info@jordigiribets.com\"><strong>info@jordigiribets.com<\/strong><\/a>.<\/p>\n<p><strong>Publicacions de fotos o v\u00eddeos<\/strong><\/p>\n<p>Obtenim el seu consentiment previ per a publicar fotografies o v\u00eddeos en la nostra web o xarxes socials. En el cas de menors de 14 anys, es requereix el consentiment dels pares o tutors legals.<\/p>\n<p><strong>Dades no pertinents<\/strong><\/p>\n<p>L&#8217;usuari ha de proporcionar sol dades personals corresponents a la seva pr\u00f2pia identitat, que siguin adequats, pertinents, actuals, exactes i veritables.<\/p>\n<p><strong>Quant temps conservarem les seves dades?<\/strong><\/p>\n<p>Guardem les seves dades personals mentre sigui necessari per a la finalitat per la qual van ser recopilats.<\/p>\n<p><strong>A qui comunicarem les seves dades?<\/strong><\/p>\n<p>Nom\u00e9s cedirem les seves dades en els casos previstos per la llei. No realitzem transfer\u00e8ncies internacionals de dades personals.<\/p>\n<p><strong>Mesures de seguretat<\/strong><\/p>\n<p>Assegurem la confidencialitat i privacitat de les dades personals amb mesures de seguretat adequades. L&#8217;usuari es compromet a usar diligentment el seu nom d&#8217;usuari i contrasenya i a notificar qualsevol risc d&#8217;acc\u00e9s per tercers.<\/p>\n<p><strong>Quins s\u00f3n els seus drets?<\/strong><\/p>\n<table>\n<thead>\n<tr>\n<th style=\"text-align: center;\">Drets<\/th>\n<th style=\"text-align: center;\">Contingut<\/th>\n<\/tr>\n<\/thead>\n<tbody>\n<tr>\n<td>Acc\u00e9s<\/td>\n<td>Consultar les dades personals gestionades per <strong>JORDI GIRIBETS MONTAL<\/strong>.<\/td>\n<\/tr>\n<tr>\n<td>Rectificaci\u00f3<\/td>\n<td>Modificar les seves dades personals quan siguin inexactes.<\/td>\n<\/tr>\n<tr>\n<td>Supressi\u00f3<\/td>\n<td>Sol\u00b7licitar l&#8217;eliminaci\u00f3 de les seves dades personals.<\/td>\n<\/tr>\n<tr>\n<td>Oposici\u00f3<\/td>\n<td>Sol\u00b7licitar que no es tractin les seves dades personals.<\/td>\n<\/tr>\n<tr>\n<td>Limitaci\u00f3 del tractament<\/td>\n<td>Sol\u00b7licitar la limitaci\u00f3 al tractament de les seves dades en uns certs casos.<\/td>\n<\/tr>\n<tr>\n<td>Portabilitat<\/td>\n<td>Rebre en format electr\u00f2nic les dades proporcionades.<\/td>\n<\/tr>\n<\/tbody>\n<\/table>\n<p>Per a exercir els seus drets, envi\u00ef la seva sol\u00b7licitud juntament amb una c\u00f2pia del seu DNI a <a href=\"mailto:info@jordigiribets.com\"><strong>info@jordigiribets.com<\/strong><\/a>. L&#8217;exercici dels seus drets \u00e9s gratu\u00eft.<\/p>\n<p><strong>Xarxes socials<\/strong><\/p>\n<p>Les xarxes socials no estan sota el nostre control, i la informaci\u00f3 que publiqui ser\u00e0 compartida amb tots els usuaris que les consultin. Utilitzem les xarxes socials per a donar visibilitat i difusi\u00f3 als nostres productes.<\/p>\n<p><strong>Recomanacions als usuaris:<\/strong><\/p>\n<ul>\n<li>Revisi les condicions generals d&#8217;\u00fas i la pol\u00edtica de privacitat de la xarxa social en registrar-se.<\/li>\n<li>Configuri adequadament la privacitat del seu perfil.<\/li>\n<li>No publiqui informaci\u00f3 excessiva sobre la seva vida personal.<\/li>\n<li>No ofereixi dades de tercers sense el seu consentiment.<\/li>\n<\/ul>\n<p><strong>Les nostres xarxes socials:<\/strong><\/p>\n<ul>\n<li>Facebook<\/li>\n<li>Instagram: <a href=\"https:\/\/www.instagram.com\/fustesgiribets\/\" target=\"_blank\" rel=\"noopener\">https:\/\/www.instagram.com\/fustesgiribets\/<\/a><\/li>\n<li>YouTube<\/li>\n<li>Linkedin: <a href=\"https:\/\/www.linkedin.com\/company\/fustes-giribets\/\" target=\"_blank\" rel=\"noopener\">https:\/\/www.linkedin.com\/company\/fustes-giribets\/<\/a><\/li>\n<\/ul>\n","protected":false},"excerpt":{"rendered":"<p>Pol\u00edtica de Privacitat de Dades \u00daltima actualitzaci\u00f3: 18 de setembre del 2023 En JORDI GIRIBETS MONTAL, entenem la import\u00e0ncia de protegir la seva privacitat i les seves dades personals. Qui \u00e9s el responsable de les seves dades personals? En compliment del Reglament (UE) 2016\/679, informem que les seves dades personals seran tractats per JORDI GIRIBETS [&hellip;]<\/p>\n","protected":false},"author":31,"featured_media":0,"parent":0,"menu_order":0,"comment_status":"closed","ping_status":"open","template":"","meta":{"_acf_changed":false,"_uag_custom_page_level_css":"","footnotes":""},"class_list":["post-1554","page","type-page","status-publish","hentry"],"acf":[],"uagb_featured_image_src":{"full":false,"thumbnail":false,"medium":false,"medium_large":false,"large":false,"1536x1536":false,"2048x2048":false,"small":false,"woocommerce_thumbnail":false,"woocommerce_single":false,"woocommerce_gallery_thumbnail":false},"uagb_author_info":{"display_name":"Jordi Giribets Montal","author_link":"https:\/\/www.jordigiribets.com\/ca\/author\/general-giribets\/"},"uagb_comment_info":0,"uagb_excerpt":"Pol\u00edtica de Privacitat de Dades \u00daltima actualitzaci\u00f3: 18 de setembre del 2023 En JORDI GIRIBETS MONTAL, entenem la import\u00e0ncia de protegir la seva privacitat i les seves dades personals. Qui \u00e9s el responsable de les seves dades personals? En compliment del Reglament (UE) 2016\/679, informem que les seves dades personals seran tractats per JORDI GIRIBETS&hellip;","_links":{"self":[{"href":"https:\/\/www.jordigiribets.com\/ca\/wp-json\/wp\/v2\/pages\/1554","targetHints":{"allow":["GET"]}}],"collection":[{"href":"https:\/\/www.jordigiribets.com\/ca\/wp-json\/wp\/v2\/pages"}],"about":[{"href":"https:\/\/www.jordigiribets.com\/ca\/wp-json\/wp\/v2\/types\/page"}],"author":[{"embeddable":true,"href":"https:\/\/www.jordigiribets.com\/ca\/wp-json\/wp\/v2\/users\/31"}],"replies":[{"embeddable":true,"href":"https:\/\/www.jordigiribets.com\/ca\/wp-json\/wp\/v2\/comments?post=1554"}],"version-history":[{"count":17,"href":"https:\/\/www.jordigiribets.com\/ca\/wp-json\/wp\/v2\/pages\/1554\/revisions"}],"predecessor-version":[{"id":4672,"href":"https:\/\/www.jordigiribets.com\/ca\/wp-json\/wp\/v2\/pages\/1554\/revisions\/4672"}],"wp:attachment":[{"href":"https:\/\/www.jordigiribets.com\/ca\/wp-json\/wp\/v2\/media?parent=1554"}],"curies":[{"name":"wp","href":"https:\/\/api.w.org\/{rel}","templated":true}]}}