{"id":1565,"date":"2023-09-13T15:26:14","date_gmt":"2023-09-13T13:26:14","guid":{"rendered":"http:\/\/jordigiribets.vl23986.dinaserver.com\/?page_id=1565"},"modified":"2025-03-04T12:07:14","modified_gmt":"2025-03-04T11:07:14","slug":"actualitat","status":"publish","type":"page","link":"https:\/\/www.jordigiribets.com\/ca\/actualitat\/","title":{"rendered":"Actualitat"},"content":{"rendered":"\n<div class=\"wp-block-uagb-advanced-heading uagb-block-69d334ec\"><h1 class=\"uagb-heading-text\">Descobreix els nostres \u00faltims projectes m\u00e9s destacats<\/h1><p class=\"uagb-desc-text\">El m\u00e9s destacat en Jordi\u00a0Giribets\u00a0Montal, les nostres \u00faltimes construccions que hem realitzat per a cada client que ha confiat en la nostra experi\u00e8ncia.<\/p><div class=\"uagb-separator\"><\/div><\/div>\n\n\n\n\t\t\t<div class=\"wp-block-uagb-post-carousel uagb-post-grid  uagb-post__image-position-top uagb-post__image-enabled uagb-block-a36ac7b1     uagb-post__arrow-outside uagb-post__items uagb-post__columns-3 is-carousel uagb-post__columns-tablet-2 uagb-post__columns-mobile-1 uagb-post__carousel_equal-height\" data-total=\"1\" style=\"\">\n\n\t\t\t\t\t\t\t\t\t\t\t\t<article class=\"uagb-post__inner-wrap\">\t\t\t\t\t\t\t\t<div class='uagb-post__image'>\n\t\t\t\t\t\t\t\t\t<a href=\"https:\/\/www.jordigiribets.com\/ca\/projecte\/projectes-roser-capdevila\/\" target=\"_self\" rel=\"bookmark noopener noreferrer\"><img loading=\"lazy\" decoding=\"async\" width=\"1000\" height=\"400\" src=\"https:\/\/www.jordigiribets.com\/wp-content\/uploads\/2024\/09\/Imagen-Cabecera-Proyecto-Ayuntamiento-Polinya.png\" class=\"attachment-full size-full\" alt=\"\" srcset=\"https:\/\/www.jordigiribets.com\/wp-content\/uploads\/2024\/09\/Imagen-Cabecera-Proyecto-Ayuntamiento-Polinya.png 1000w, https:\/\/www.jordigiribets.com\/wp-content\/uploads\/2024\/09\/Imagen-Cabecera-Proyecto-Ayuntamiento-Polinya-480x192.png 480w, https:\/\/www.jordigiribets.com\/wp-content\/uploads\/2024\/09\/Imagen-Cabecera-Proyecto-Ayuntamiento-Polinya-986x394.png 986w, https:\/\/www.jordigiribets.com\/wp-content\/uploads\/2024\/09\/Imagen-Cabecera-Proyecto-Ayuntamiento-Polinya-768x307.png 768w, https:\/\/www.jordigiribets.com\/wp-content\/uploads\/2024\/09\/Imagen-Cabecera-Proyecto-Ayuntamiento-Polinya-380x152.png 380w\" sizes=\"auto, (max-width: 1000px) 100vw, 1000px\" title=\"\">\t\t\t\t\t<\/a>\n\t\t\t\t\t\t\t\t\t<\/div>\n\t\t\t\t\t\t<h3 class=\"uagb-post__title uagb-post__text\">\n\t\t\t\t<a href=\"https:\/\/www.jordigiribets.com\/ca\/projecte\/projectes-roser-capdevila\/\" target=\"_self\" rel=\"bookmark noopener noreferrer\">Ajuntament de Polinya<\/a>\n\t\t\t<\/h3>\n\t\t\t\t\t\t<div class='uagb-post__text uagb-post-grid-byline'>\n\t\t\t\t\t\t\t<\/div>\n\t\t\t\t\t\t\t<div class='uagb-post__text uagb-post__excerpt'>\n\t\t\t\t\tLa col\u00b7laboraci\u00f3 entre l&#8217;Ajuntament de Polinya i Jordi Giribets Montal ha instal\u00b7lat con \u00e8xit 8 m\u00f2duls de p\u00e8rgoles per al disseny exterior del col\u00b7legi.\t\t\t\t<\/div>\n\t\t\t\t\t\t<div class=\"uagb-post__text uagb-post__cta wp-block-button\">\n\t\t\t\t<a class=\"wp-block-button__link uagb-text-link\" style=\"\" href=\"https:\/\/www.jordigiribets.com\/ca\/projecte\/projectes-roser-capdevila\/\" target=\"_self\" rel=\"bookmark noopener noreferrer\">Ver proyecto<\/a>\n\t\t\t<\/div>\n\t\t\t\n\t\t\t\t\t\t\t\t<a class=\"uagb-post__link-complete-box\" href=\"https:\/\/www.jordigiribets.com\/ca\/projecte\/projectes-roser-capdevila\/\" target=\"_self\" rel=\"bookmark noopener noreferrer\"><\/a>\n\t\t\t\t\t\t\t<\/article>\n\t\t\t\t\t\t\t\t\t\t\t\t\t\t\t\t<article class=\"uagb-post__inner-wrap\">\t\t\t\t\t\t\t\t<h3 class=\"uagb-post__title uagb-post__text\">\n\t\t\t\t<a href=\"https:\/\/www.jordigiribets.com\/ca\/projecte\/camping-aigua-ora-girona-berga\/\" target=\"_self\" rel=\"bookmark noopener noreferrer\">C\u00e0mping Aigua d&#8217;Ora<\/a>\n\t\t\t<\/h3>\n\t\t\t\t\t\t<div class='uagb-post__text uagb-post-grid-byline'>\n\t\t\t\t\t\t\t<\/div>\n\t\t\t\t\t\t\t<div class='uagb-post__text uagb-post__excerpt'>\n\t\t\t\t\tGr\u00e0cies al subministrament, el c\u00e0mping amplia les seves instal\u00b7lacions de cases de fusta a m\u00e9s de renovar el seu restaurant amb una porxada totalment coberta.\t\t\t\t<\/div>\n\t\t\t\t\t\t<div class=\"uagb-post__text uagb-post__cta wp-block-button\">\n\t\t\t\t<a class=\"wp-block-button__link uagb-text-link\" style=\"\" href=\"https:\/\/www.jordigiribets.com\/ca\/projecte\/camping-aigua-ora-girona-berga\/\" target=\"_self\" rel=\"bookmark noopener noreferrer\">Ver proyecto<\/a>\n\t\t\t<\/div>\n\t\t\t\n\t\t\t\t\t\t\t\t<a class=\"uagb-post__link-complete-box\" href=\"https:\/\/www.jordigiribets.com\/ca\/projecte\/camping-aigua-ora-girona-berga\/\" target=\"_self\" rel=\"bookmark noopener noreferrer\"><\/a>\n\t\t\t\t\t\t\t<\/article>\n\t\t\t\t\t\t\t\t\t\t\t<\/div>\n\t\t\t","protected":false},"excerpt":{"rendered":"<p>Descobreix els nostres \u00faltims projectes m\u00e9s destacats El m\u00e9s destacat en Jordi\u00a0Giribets\u00a0Montal, les nostres \u00faltimes construccions que hem realitzat per a cada client que ha confiat en la nostra experi\u00e8ncia.<\/p>\n","protected":false},"author":31,"featured_media":0,"parent":0,"menu_order":0,"comment_status":"closed","ping_status":"closed","template":"","meta":{"_acf_changed":false,"_uag_custom_page_level_css":"","footnotes":""},"class_list":["post-1565","page","type-page","status-publish","hentry"],"acf":[],"uagb_featured_image_src":{"full":false,"thumbnail":false,"medium":false,"medium_large":false,"large":false,"1536x1536":false,"2048x2048":false,"small":false,"woocommerce_thumbnail":false,"woocommerce_single":false,"woocommerce_gallery_thumbnail":false},"uagb_author_info":{"display_name":"Jordi Giribets Montal","author_link":"https:\/\/www.jordigiribets.com\/ca\/author\/general-giribets\/"},"uagb_comment_info":0,"uagb_excerpt":"Descobreix els nostres \u00faltims projectes m\u00e9s destacats El m\u00e9s destacat en Jordi\u00a0Giribets\u00a0Montal, les nostres \u00faltimes construccions que hem realitzat per a cada client que ha confiat en la nostra experi\u00e8ncia.","_links":{"self":[{"href":"https:\/\/www.jordigiribets.com\/ca\/wp-json\/wp\/v2\/pages\/1565","targetHints":{"allow":["GET"]}}],"collection":[{"href":"https:\/\/www.jordigiribets.com\/ca\/wp-json\/wp\/v2\/pages"}],"about":[{"href":"https:\/\/www.jordigiribets.com\/ca\/wp-json\/wp\/v2\/types\/page"}],"author":[{"embeddable":true,"href":"https:\/\/www.jordigiribets.com\/ca\/wp-json\/wp\/v2\/users\/31"}],"replies":[{"embeddable":true,"href":"https:\/\/www.jordigiribets.com\/ca\/wp-json\/wp\/v2\/comments?post=1565"}],"version-history":[{"count":13,"href":"https:\/\/www.jordigiribets.com\/ca\/wp-json\/wp\/v2\/pages\/1565\/revisions"}],"predecessor-version":[{"id":8531,"href":"https:\/\/www.jordigiribets.com\/ca\/wp-json\/wp\/v2\/pages\/1565\/revisions\/8531"}],"wp:attachment":[{"href":"https:\/\/www.jordigiribets.com\/ca\/wp-json\/wp\/v2\/media?parent=1565"}],"curies":[{"name":"wp","href":"https:\/\/api.w.org\/{rel}","templated":true}]}}