{"id":1846,"date":"2024-01-26T11:01:27","date_gmt":"2024-01-26T10:01:27","guid":{"rendered":"http:\/\/jordigiribets.vl23986.dinaserver.com\/?page_id=1846"},"modified":"2025-05-22T15:46:28","modified_gmt":"2025-05-22T13:46:28","slug":"inicio","status":"publish","type":"page","link":"https:\/\/www.jordigiribets.com\/ca\/","title":{"rendered":"Inici"},"content":{"rendered":"\n<div class=\"wp-block-uagb-container uagb-block-14f19b79 default uagb-is-root-container\">\n<div class=\"wp-block-uagb-advanced-heading uagb-block-f0d9d11b\"><h1 class=\"uagb-heading-text\">Magatzem de fusta exterior amb tractament autoclau classe IV<\/h1><\/div>\n\n\n\n<div class=\"wp-block-uagb-advanced-heading uagb-block-70fc2901\"><h2 class=\"uagb-heading-text\">Jordi Giribets Montal S.L.U.<\/h2><p class=\"uagb-desc-text\">Especialistes en articles de fusta exterior com llistons, bigues, travesses, postes, encadellat i tota mena de mecanitzats.<\/p><\/div>\n\n\n\n<div class=\"wp-block-uagb-buttons uagb-buttons__outer-wrap uagb-btn__default-btn uagb-btn-tablet__default-btn uagb-btn-mobile__medium-btn uagb-block-9c8343c2\"><div class=\"uagb-buttons__wrap uagb-buttons-layout-wrap \">\n<div class=\"wp-block-uagb-buttons-child uagb-buttons__outer-wrap uagb-block-8836b552 wp-block-button\"><div class=\"uagb-button__wrapper\"><a class=\"uagb-buttons-repeater wp-block-button__link\" aria-label=\"\" href=\"https:\/\/www.jordigiribets.com\/ca\/productes\/\" rel=\"follow noopener\" target=\"_blank\" role=\"button\"><div class=\"uagb-button__link\">Veure productes<\/div><span class=\"uagb-button__icon uagb-button__icon-position-after\"><svg xmlns=\"https:\/\/www.w3.org\/2000\/svg\" viewBox=\"0 0 448 512\" aria-hidden=\"true\" focussable=\"false\"><path d=\"M438.6 278.6l-160 160C272.4 444.9 264.2 448 256 448s-16.38-3.125-22.62-9.375c-12.5-12.5-12.5-32.75 0-45.25L338.8 288H32C14.33 288 .0016 273.7 .0016 256S14.33 224 32 224h306.8l-105.4-105.4c-12.5-12.5-12.5-32.75 0-45.25s32.75-12.5 45.25 0l160 160C451.1 245.9 451.1 266.1 438.6 278.6z\"><\/path><\/svg><\/span><\/a><\/div><\/div>\n\n\n\n<div class=\"wp-block-uagb-buttons-child uagb-buttons__outer-wrap uagb-block-15300b53 wp-block-button\"><div class=\"uagb-button__wrapper\"><a class=\"uagb-buttons-repeater wp-block-button__link\" aria-label=\"\" href=\"https:\/\/www.jordigiribets.com\/ca\/contacte\/\" rel=\"follow noopener\" target=\"_blank\" role=\"button\"><div class=\"uagb-button__link\">Sol\u00b7licita informaci\u00f3<\/div><span class=\"uagb-button__icon uagb-button__icon-position-after\"><svg xmlns=\"https:\/\/www.w3.org\/2000\/svg\" viewBox=\"0 0 448 512\" aria-hidden=\"true\" focussable=\"false\"><path d=\"M438.6 278.6l-160 160C272.4 444.9 264.2 448 256 448s-16.38-3.125-22.62-9.375c-12.5-12.5-12.5-32.75 0-45.25L338.8 288H32C14.33 288 .0016 273.7 .0016 256S14.33 224 32 224h306.8l-105.4-105.4c-12.5-12.5-12.5-32.75 0-45.25s32.75-12.5 45.25 0l160 160C451.1 245.9 451.1 266.1 438.6 278.6z\"><\/path><\/svg><\/span><\/a><\/div><\/div>\n<\/div><\/div>\n<\/div>\n\n\n\n<div class=\"wp-block-uagb-container uag-hide-tab uag-hide-mob uagb-block-7a4cbe99 default uagb-is-root-container\">\n<div class=\"wp-block-uagb-container uagb-block-2cc92ce5 default uagb-is-root-container\">\n<div class=\"wp-block-uagb-container uagb-block-536fec53\">\n<div class=\"wp-block-uagb-advanced-heading uagb-block-84de30c4\"><h1 class=\"uagb-heading-text\">Transforma el teu jard\u00ed amb les nostres p\u00e8rgoles de fusta a mida<\/h1><p class=\"uagb-desc-text\">Dissenyem i preparem p\u00e8rgoles de fusta personalitzades, porxos i carpes utilitzant fusta tractada d&#8217;alta durabilitat i qualitat. Aprofita al m\u00e0xim el teu jard\u00ed amb estructures elegants, resistents i fetes a mida per a tu.<\/p><\/div>\n\n\n\n<div class=\"wp-block-uagb-buttons uagb-buttons__outer-wrap uagb-btn__medium-btn uagb-btn-tablet__medium-btn uagb-btn-mobile__medium-btn uagb-block-8ce5df5c\"><div class=\"uagb-buttons__wrap uagb-buttons-layout-wrap \">\n<div class=\"wp-block-uagb-buttons-child uagb-buttons__outer-wrap uagb-block-a1d702e8 wp-block-button\"><div class=\"uagb-button__wrapper\"><a class=\"uagb-buttons-repeater wp-block-button__link\" aria-label=\"\" href=\"https:\/\/www.jordigiribets.com\/ca\/pergoles-a-mida\/\" rel=\"follow noopener\" target=\"_blank\" role=\"button\"><span class=\"uagb-button__icon uagb-button__icon-position-before\"><svg xmlns=\"https:\/\/www.w3.org\/2000\/svg\" viewBox=\"0 0 448 512\" aria-hidden=\"true\" focussable=\"false\"><path d=\"M438.6 278.6l-160 160C272.4 444.9 264.2 448 256 448s-16.38-3.125-22.62-9.375c-12.5-12.5-12.5-32.75 0-45.25L338.8 288H32C14.33 288 .0016 273.7 .0016 256S14.33 224 32 224h306.8l-105.4-105.4c-12.5-12.5-12.5-32.75 0-45.25s32.75-12.5 45.25 0l160 160C451.1 245.9 451.1 266.1 438.6 278.6z\"><\/path><\/svg><\/span><div class=\"uagb-button__link\">Sol\u00b7licitar valoraci\u00f3 per la meva p\u00e8rgola<\/div><\/a><\/div><\/div>\n<\/div><\/div>\n<\/div>\n\n\n\n<div class=\"wp-block-uagb-container uagb-block-e20aefcb\">\n<div class=\"wp-block-uagb-image aligncenter uagb-block-de7823af wp-block-uagb-image--layout-default wp-block-uagb-image--effect-static wp-block-uagb-image--align-center\"><figure class=\"wp-block-uagb-image__figure\"><img loading=\"lazy\" decoding=\"async\" srcset=\"https:\/\/www.jordigiribets.com\/wp-content\/uploads\/2025\/05\/slider-formulario-pergolas-a-medidas-home.png ,https:\/\/www.jordigiribets.com\/wp-content\/uploads\/2025\/05\/slider-formulario-pergolas-a-medidas-home.png 780w, https:\/\/www.jordigiribets.com\/wp-content\/uploads\/2025\/05\/slider-formulario-pergolas-a-medidas-home.png 360w\" sizes=\"auto, (max-width: 480px) 150px\" src=\"https:\/\/www.jordigiribets.com\/wp-content\/uploads\/2025\/05\/slider-formulario-pergolas-a-medidas-home.png\" alt=\"\" class=\"uag-image-8878\" width=\"515\" height=\"400\" title=\"slider-formulario-pergolas-a-medidas-home\" role=\"img\"><\/figure><\/div>\n<\/div>\n<\/div>\n<\/div>\n\n\n\n<div class=\"wp-block-uagb-container uag-hide-desktop uag-hide-mob uagb-block-9b274ab0 default uagb-is-root-container\">\n<div class=\"wp-block-uagb-container uagb-block-3660e996 default uagb-is-root-container\">\n<div class=\"wp-block-uagb-container uagb-block-164d083e\">\n<div class=\"wp-block-uagb-advanced-heading uagb-block-b3661748\"><h1 class=\"uagb-heading-text\">Transforma el teu jard\u00ed amb les nostres p\u00e8rgoles a mida<\/h1><p class=\"uagb-desc-text\">Dissenyem i preparem p\u00e8rgoles de fusta personalitzades, porxos i carpes utilitzant fusta tractada d&#8217;alta durabilitat i qualitat.<\/p><\/div>\n\n\n\n<div class=\"wp-block-uagb-buttons uagb-buttons__outer-wrap uagb-btn__medium-btn uagb-btn-tablet__medium-btn uagb-btn-mobile__medium-btn uagb-block-35916005\"><div class=\"uagb-buttons__wrap uagb-buttons-layout-wrap \">\n<div class=\"wp-block-uagb-buttons-child uagb-buttons__outer-wrap uagb-block-91191898 wp-block-button\"><div class=\"uagb-button__wrapper\"><a class=\"uagb-buttons-repeater wp-block-button__link\" aria-label=\"\" href=\"https:\/\/www.jordigiribets.com\/ca\/pergoles-a-mida\/\" rel=\"follow noopener\" target=\"_blank\" role=\"button\"><span class=\"uagb-button__icon uagb-button__icon-position-before\"><svg xmlns=\"https:\/\/www.w3.org\/2000\/svg\" viewBox=\"0 0 448 512\" aria-hidden=\"true\" focussable=\"false\"><path d=\"M438.6 278.6l-160 160C272.4 444.9 264.2 448 256 448s-16.38-3.125-22.62-9.375c-12.5-12.5-12.5-32.75 0-45.25L338.8 288H32C14.33 288 .0016 273.7 .0016 256S14.33 224 32 224h306.8l-105.4-105.4c-12.5-12.5-12.5-32.75 0-45.25s32.75-12.5 45.25 0l160 160C451.1 245.9 451.1 266.1 438.6 278.6z\"><\/path><\/svg><\/span><div class=\"uagb-button__link\">Crear la meva p\u00e8rgola ara<\/div><\/a><\/div><\/div>\n<\/div><\/div>\n<\/div>\n\n\n\n<div class=\"wp-block-uagb-container uagb-block-12ac8ca3\">\n<div class=\"wp-block-uagb-image aligncenter uagb-block-363716f6 wp-block-uagb-image--layout-default wp-block-uagb-image--effect-static wp-block-uagb-image--align-center\"><figure class=\"wp-block-uagb-image__figure\"><img loading=\"lazy\" decoding=\"async\" srcset=\"https:\/\/www.jordigiribets.com\/wp-content\/uploads\/2025\/05\/slider-formulario-pergolas-a-medidas-home.png ,https:\/\/www.jordigiribets.com\/wp-content\/uploads\/2025\/05\/slider-formulario-pergolas-a-medidas-home.png 780w, https:\/\/www.jordigiribets.com\/wp-content\/uploads\/2025\/05\/slider-formulario-pergolas-a-medidas-home.png 360w\" sizes=\"auto, (max-width: 480px) 150px\" src=\"https:\/\/www.jordigiribets.com\/wp-content\/uploads\/2025\/05\/slider-formulario-pergolas-a-medidas-home.png\" alt=\"\" class=\"uag-image-8878\" width=\"515\" height=\"400\" title=\"slider-formulario-pergolas-a-medidas-home\" role=\"img\"><\/figure><\/div>\n<\/div>\n<\/div>\n<\/div>\n\n\n\n<div class=\"wp-block-uagb-container uag-hide-desktop uag-hide-tab uagb-block-0424ba71 default uagb-is-root-container\">\n<div class=\"wp-block-uagb-container uagb-block-ee6ec469 default uagb-is-root-container\">\n<div class=\"wp-block-uagb-container uagb-block-c0ebc949\">\n<div class=\"wp-block-uagb-image aligncenter uagb-block-0149741f wp-block-uagb-image--layout-default wp-block-uagb-image--effect-static wp-block-uagb-image--align-center\"><figure class=\"wp-block-uagb-image__figure\"><img loading=\"lazy\" decoding=\"async\" srcset=\"https:\/\/www.jordigiribets.com\/wp-content\/uploads\/2025\/05\/slider-formulario-pergolas-a-medidas-home.png ,https:\/\/www.jordigiribets.com\/wp-content\/uploads\/2025\/05\/slider-formulario-pergolas-a-medidas-home.png 780w, https:\/\/www.jordigiribets.com\/wp-content\/uploads\/2025\/05\/slider-formulario-pergolas-a-medidas-home.png 360w\" sizes=\"auto, (max-width: 480px) 150px\" src=\"https:\/\/www.jordigiribets.com\/wp-content\/uploads\/2025\/05\/slider-formulario-pergolas-a-medidas-home.png\" alt=\"\" class=\"uag-image-8878\" width=\"400\" height=\"400\" title=\"slider-formulario-pergolas-a-medidas-home\" role=\"img\"><\/figure><\/div>\n<\/div>\n\n\n\n<div class=\"wp-block-uagb-container uagb-block-12639341\">\n<div class=\"wp-block-uagb-advanced-heading uagb-block-5e9a1328\"><h1 class=\"uagb-heading-text\">Transforma el teu jard\u00ed amb les nostres p\u00e8rgoles a mida<\/h1><p class=\"uagb-desc-text\">Dissenyem i preparem p\u00e8rgoles de fusta personalitzades, porxos i carpes utilitzant fusta tractada d&#8217;alta durabilitat i qualitat.<\/p><\/div>\n\n\n\n<div class=\"wp-block-uagb-buttons uagb-buttons__outer-wrap uagb-btn__medium-btn uagb-btn-tablet__medium-btn uagb-btn-mobile__medium-btn uagb-block-53ccd088\"><div class=\"uagb-buttons__wrap uagb-buttons-layout-wrap \">\n<div class=\"wp-block-uagb-buttons-child uagb-buttons__outer-wrap uagb-block-d37a724f wp-block-button\"><div class=\"uagb-button__wrapper\"><a class=\"uagb-buttons-repeater wp-block-button__link\" aria-label=\"\" href=\"https:\/\/www.jordigiribets.com\/ca\/pergoles-a-mida\/\" rel=\"follow noopener\" target=\"_blank\" role=\"button\"><div class=\"uagb-button__link\">Sol\u00b7licitar valoraci\u00f3 gratuita<\/div><\/a><\/div><\/div>\n<\/div><\/div>\n<\/div>\n<\/div>\n<\/div>\n\n\n\n<div class=\"wp-block-uagb-container uagb-block-b5d6e82c default uagb-is-root-container\">\n<div class=\"wp-block-uagb-container uagb-block-832429f3 default uagb-is-root-container\">\n<div class=\"wp-block-uagb-container uagb-block-770d587b\"><\/div>\n\n\n\n<div class=\"wp-block-uagb-container uagb-block-ef16eb18\">\n<div class=\"wp-block-uagb-advanced-heading uagb-block-4fef4dc8\"><h3 class=\"uagb-heading-text\">Tarifa de Preus 2025 en Fusta Tractada per Empreses i Professionals.<\/h3><p class=\"uagb-desc-text\">Descobreix els nostres descomptes i preus per empreses i professionals del sector per subministrament de fusta tractada.<\/p><\/div>\n\n\n\n<div class=\"wp-block-uagb-buttons uagb-buttons__outer-wrap uagb-btn__medium-btn uagb-btn-tablet__medium-btn uagb-btn-mobile__medium-btn uagb-block-0f5fce70\"><div class=\"uagb-buttons__wrap uagb-buttons-layout-wrap \">\n<div class=\"wp-block-uagb-buttons-child uagb-buttons__outer-wrap uagb-block-7adf77d9 wp-block-button\"><div class=\"uagb-button__wrapper\"><a class=\"uagb-buttons-repeater wp-block-button__link\" aria-label=\"\" href=\"https:\/\/www.jordigiribets.com\/ca\/tarifa-comercial-2025-fusta-tractada\/\" rel=\"follow noopener\" target=\"_blank\" role=\"button\"><div class=\"uagb-button__link\">Sol\u00b7licitar la meva tarifa comercial<\/div><span class=\"uagb-button__icon uagb-button__icon-position-after\"><svg xmlns=\"https:\/\/www.w3.org\/2000\/svg\" viewBox=\"0 0 448 512\" aria-hidden=\"true\" focussable=\"false\"><path d=\"M438.6 278.6l-160 160C272.4 444.9 264.2 448 256 448s-16.38-3.125-22.62-9.375c-12.5-12.5-12.5-32.75 0-45.25L338.8 288H32C14.33 288 .0016 273.7 .0016 256S14.33 224 32 224h306.8l-105.4-105.4c-12.5-12.5-12.5-32.75 0-45.25s32.75-12.5 45.25 0l160 160C451.1 245.9 451.1 266.1 438.6 278.6z\"><\/path><\/svg><\/span><\/a><\/div><\/div>\n<\/div><\/div>\n<\/div>\n<\/div>\n<\/div>\n","protected":false},"excerpt":{"rendered":"<p>Magatzem de fusta exterior amb tractament autoclau classe IV Jordi Giribets Montal S.L.U. Especialistes en articles de fusta exterior com llistons, bigues, travesses, postes, encadellat i tota mena de mecanitzats. Transforma el teu jard\u00ed amb les nostres p\u00e8rgoles de fusta a mida Dissenyem i preparem p\u00e8rgoles de fusta personalitzades, porxos i carpes utilitzant fusta tractada [&hellip;]<\/p>\n","protected":false},"author":31,"featured_media":0,"parent":0,"menu_order":0,"comment_status":"closed","ping_status":"closed","template":"","meta":{"_acf_changed":false,"_uag_custom_page_level_css":"","footnotes":""},"class_list":["post-1846","page","type-page","status-publish","hentry"],"acf":[],"uagb_featured_image_src":{"full":false,"thumbnail":false,"medium":false,"medium_large":false,"large":false,"1536x1536":false,"2048x2048":false,"small":false,"woocommerce_thumbnail":false,"woocommerce_single":false,"woocommerce_gallery_thumbnail":false},"uagb_author_info":{"display_name":"Jordi Giribets Montal","author_link":"https:\/\/www.jordigiribets.com\/ca\/author\/general-giribets\/"},"uagb_comment_info":0,"uagb_excerpt":"Magatzem de fusta exterior amb tractament autoclau classe IV Jordi Giribets Montal S.L.U. Especialistes en articles de fusta exterior com llistons, bigues, travesses, postes, encadellat i tota mena de mecanitzats. Transforma el teu jard\u00ed amb les nostres p\u00e8rgoles de fusta a mida Dissenyem i preparem p\u00e8rgoles de fusta personalitzades, porxos i carpes utilitzant fusta tractada&hellip;","_links":{"self":[{"href":"https:\/\/www.jordigiribets.com\/ca\/wp-json\/wp\/v2\/pages\/1846","targetHints":{"allow":["GET"]}}],"collection":[{"href":"https:\/\/www.jordigiribets.com\/ca\/wp-json\/wp\/v2\/pages"}],"about":[{"href":"https:\/\/www.jordigiribets.com\/ca\/wp-json\/wp\/v2\/types\/page"}],"author":[{"embeddable":true,"href":"https:\/\/www.jordigiribets.com\/ca\/wp-json\/wp\/v2\/users\/31"}],"replies":[{"embeddable":true,"href":"https:\/\/www.jordigiribets.com\/ca\/wp-json\/wp\/v2\/comments?post=1846"}],"version-history":[{"count":31,"href":"https:\/\/www.jordigiribets.com\/ca\/wp-json\/wp\/v2\/pages\/1846\/revisions"}],"predecessor-version":[{"id":8913,"href":"https:\/\/www.jordigiribets.com\/ca\/wp-json\/wp\/v2\/pages\/1846\/revisions\/8913"}],"wp:attachment":[{"href":"https:\/\/www.jordigiribets.com\/ca\/wp-json\/wp\/v2\/media?parent=1846"}],"curies":[{"name":"wp","href":"https:\/\/api.w.org\/{rel}","templated":true}]}}