{"id":3986,"date":"2024-06-07T10:22:04","date_gmt":"2024-06-07T08:22:04","guid":{"rendered":"https:\/\/www.jordigiribets.com\/?page_id=3986"},"modified":"2025-10-03T14:54:11","modified_gmt":"2025-10-03T12:54:11","slug":"contacte","status":"publish","type":"page","link":"https:\/\/www.jordigiribets.com\/ca\/contacte\/","title":{"rendered":"Contacte"},"content":{"rendered":"\n<div style=\"height:50px\" aria-hidden=\"true\" class=\"wp-block-spacer\"><\/div>\n\n\n\n<div class=\"wp-block-columns is-layout-flex wp-container-core-columns-is-layout-9d6595d7 wp-block-columns-is-layout-flex\">\n<div class=\"wp-block-column is-layout-flow wp-block-column-is-layout-flow\" style=\"flex-basis:33.33%\">\n<h1 class=\"wp-block-heading has-text-color has-link-color wp-elements-769b3abc2050f41fb11396890da74b4d\" style=\"color:#399e5a;font-size:25px;font-style:normal;font-weight:700\">Vols contactar amb la nostra fusteria?<\/h1>\n\n\n\n<p class=\"has-gray-900-color has-text-color has-link-color wp-elements-7b33ae54bff8f138ccbbb609659fdefa\" style=\"font-size:18px;font-style:normal;font-weight:400\">Omple el formulari i el nostre equip es posar\u00e0 en contacte amb tu per respondre la teva consulta.<\/p>\n\n\n\n<p class=\"has-gray-900-color has-text-color has-link-color wp-elements-0ee84061ec87a39f463b06697b2763ed\" style=\"font-size:18px;font-style:normal;font-weight:700\">Et respondrem en menys de 24 hores<\/p>\n<\/div>\n\n\n\n<div class=\"wp-block-column is-layout-flow wp-block-column-is-layout-flow\" style=\"flex-basis:66.66%\">\n<div class=\"wp-block-contact-form-7-contact-form-selector\">\n<div class=\"wpcf7 no-js\" id=\"wpcf7-f7886-o1\" lang=\"ca\" dir=\"ltr\" data-wpcf7-id=\"7886\">\n<div class=\"screen-reader-response\"><p role=\"status\" aria-live=\"polite\" aria-atomic=\"true\"><\/p> <ul><\/ul><\/div>\n<form action=\"\/ca\/wp-json\/wp\/v2\/pages\/3986#wpcf7-f7886-o1\" method=\"post\" class=\"wpcf7-form init\" aria-label=\"Formulari de contacte\" enctype=\"multipart\/form-data\" novalidate=\"novalidate\" data-status=\"init\">\n<fieldset class=\"hidden-fields-container\"><input type=\"hidden\" name=\"_wpcf7\" value=\"7886\" \/><input type=\"hidden\" name=\"_wpcf7_version\" value=\"6.1.3\" \/><input type=\"hidden\" name=\"_wpcf7_locale\" value=\"ca\" \/><input type=\"hidden\" name=\"_wpcf7_unit_tag\" value=\"wpcf7-f7886-o1\" \/><input type=\"hidden\" name=\"_wpcf7_container_post\" value=\"0\" \/><input type=\"hidden\" name=\"_wpcf7_posted_data_hash\" value=\"\" \/><input type=\"hidden\" name=\"_uacf7_hidden_conditional_fields\" value=\"\" \/><input type=\"hidden\" name=\"_wpcf7_recaptcha_response\" value=\"\" \/>\n<\/fieldset>\n<div class=\"uacf7-form-wrapper-container uacf7-form-7886  \"><label> Selecciona una opci\u00f3 <\/label>\n<label> <span class=\"wpcf7-form-control-wrap\" data-name=\"OpcioConsulta\"><select class=\"wpcf7-form-control wpcf7-select wpcf7-validates-as-required\" aria-required=\"true\" aria-invalid=\"false\" name=\"OpcioConsulta\"><option value=\"Demanar preus i tarifes\">Demanar preus i tarifes<\/option><option value=\"Sol\u00b7licitar un pressupost\">Sol\u00b7licitar un pressupost<\/option><option value=\"Estat de la meva comanda\">Estat de la meva comanda<\/option><option value=\"Obrir una incid\u00e8ncia\">Obrir una incid\u00e8ncia<\/option><\/select><\/span> <\/label>\n<br>\n\n<label> Nom i Cognoms <\/label>\n<label> <span class=\"wpcf7-form-control-wrap\" data-name=\"NomClient\"><input size=\"40\" maxlength=\"400\" class=\"wpcf7-form-control wpcf7-text wpcf7-validates-as-required\" aria-required=\"true\" aria-invalid=\"false\" value=\"Nom\u00e9s es permeten car\u00e0cters alfab\u00e8tics (lletres) i el punt (.) seguits d&#039;un espai.\" type=\"text\" name=\"NomClient\" \/><\/span> <\/label>\n<br>\n\n<div class=\"uacf7-row\">\n<div class=\"uacf7-col-6\"> <label> Correu Electr\u00f2nic <\/label>\n<label> <span class=\"wpcf7-form-control-wrap\" data-name=\"Correu\"><input size=\"40\" maxlength=\"400\" class=\"wpcf7-form-control wpcf7-email wpcf7-validates-as-required wpcf7-text wpcf7-validates-as-email\" aria-required=\"true\" aria-invalid=\"false\" value=\"\" type=\"email\" name=\"Correu\" \/><\/span><\/label> <\/div>\n<div class=\"uacf7-col-6\"> <label> Tel\u00e8fon <\/label>\n<label> <span class=\"wpcf7-form-control-wrap\" data-name=\"Telefon\"><input size=\"40\" maxlength=\"400\" class=\"wpcf7-form-control wpcf7-tel wpcf7-validates-as-required wpcf7-text wpcf7-validates-as-tel\" aria-required=\"true\" aria-invalid=\"false\" value=\"\" type=\"tel\" name=\"Telefon\" \/><\/span> <\/label> <\/div>\n<\/div>\n<br>\n\n<div class=\"uacf7-row\">\n<div class=\"uacf7-col-4\"> <label> Empresa, Particular o Professional <\/label> \n<label> <span class=\"wpcf7-form-control-wrap\" data-name=\"Identificacio\"><input size=\"40\" maxlength=\"400\" class=\"wpcf7-form-control wpcf7-text\" aria-invalid=\"false\" value=\"\" type=\"text\" name=\"Identificacio\" \/><\/span> <\/label> <\/div>\n<div class=\"uacf7-col-4\"> <label> Adre\u00e7a <\/label> \n<label> <span class=\"wpcf7-form-control-wrap\" data-name=\"Direccio\"><input size=\"40\" maxlength=\"400\" class=\"wpcf7-form-control wpcf7-text wpcf7-validates-as-required\" aria-required=\"true\" aria-invalid=\"false\" value=\"\" type=\"text\" name=\"Direccio\" \/><\/span> <\/label> <\/div>\n<div class=\"uacf7-col-4\"> <label> Codi Postal <\/label> \n<label> <span class=\"wpcf7-form-control-wrap\" data-name=\"CP\"><input class=\"wpcf7-form-control wpcf7-number wpcf7-validates-as-number\" min=\"0\" max=\"99999\" aria-invalid=\"false\" value=\"\" type=\"number\" name=\"CP\" \/><\/span> <\/label> <\/div>\n<\/div>\n<br>\n\n<label> Assumpte <\/label>\n<span class=\"wpcf7-form-control-wrap\" data-name=\"Observacions\"><textarea cols=\"40\" rows=\"10\" maxlength=\"2000\" class=\"wpcf7-form-control wpcf7-textarea wpcf7-validates-as-required\" aria-required=\"true\" aria-invalid=\"false\" name=\"Observacions\"><\/textarea><\/span><\/label>\n<br>\n\n<label> Inserir en aquest espai imatges o pl\u00e0nols <\/label>\n<label> <span class=\"wpcf7-form-control-wrap\" data-name=\"Arxiu\"><input size=\"40\" class=\"wpcf7-form-control wpcf7-file\" accept=\"\" aria-invalid=\"false\" type=\"file\" name=\"Arxiu\" \/><\/span> <\/label>\n\n<label><\/label>\n\n<label> <span class=\"wpcf7-form-control-wrap\" data-name=\"PolticaForm\"><span class=\"wpcf7-form-control wpcf7-acceptance\"><span class=\"wpcf7-list-item\"><label><input type=\"checkbox\" name=\"PolticaForm\" value=\"1\" aria-invalid=\"false\" \/><span class=\"wpcf7-list-item-label\">Acepto la <a href=\"https:\/\/www.jordigiribets.com\/ca\/politica-privacitat\/\" rel=\"nofollow\" target=\"_blank\"> pol\u00edtica de privacitat<\/a>.<\/span><\/label><\/span><\/span><\/span> <\/label>\n\n<input class=\"wpcf7-form-control wpcf7-submit has-spinner\" type=\"submit\" value=\"Enviar Consulta\" \/><\/div><div class=\"wpcf7-response-output\" aria-hidden=\"true\"><\/div>\n<\/form>\n<\/div>\n<\/div>\n<\/div>\n<\/div>\n\n\n\n<div style=\"height:35px\" aria-hidden=\"true\" class=\"wp-block-spacer\"><\/div>\n\n\n\n<div class=\"wp-block-columns is-layout-flex wp-container-core-columns-is-layout-9d6595d7 wp-block-columns-is-layout-flex\">\n<div class=\"wp-block-column is-vertically-aligned-center is-layout-flow wp-block-column-is-layout-flow\">\n<h2 class=\"wp-block-heading has-text-align-center has-text-color has-link-color wp-elements-da70061b7ac3f706e340ce01d0cff4cb\" style=\"color:#399e5a;font-size:25px;font-style:normal;font-weight:700\">Consultes Generals<\/h2>\n\n\n\n<p class=\"has-text-align-center has-gray-900-color has-text-color has-link-color wp-elements-1d5819001c2773ea4f4bd63a8f070221\" style=\"font-size:18px\">Ens vols escriure directament? Posa\u2019t en contacte amb cadascun dels nostres departaments.<\/p>\n<\/div>\n<\/div>\n\n\n\n<div class=\"wp-block-columns are-vertically-aligned-center is-layout-flex wp-container-core-columns-is-layout-9d6595d7 wp-block-columns-is-layout-flex\">\n<div class=\"wp-block-column is-vertically-aligned-center is-layout-flow wp-block-column-is-layout-flow\"><\/div>\n\n\n\n<div class=\"wp-block-column is-vertically-aligned-center is-layout-flow wp-block-column-is-layout-flow\">\n<h4 class=\"wp-block-heading has-text-align-left has-gray-900-color has-text-color has-link-color wp-elements-54f77748b202f74681e8ae1c6951aaf0\" style=\"font-size:18px;font-style:normal;font-weight:700\">Comercial i administraci\u00f3<\/h4>\n\n\n\n<div class=\"wp-block-uagb-info-box uagb-block-bb99c0ed uagb-infobox__content-wrap  uagb-infobox-icon-left-title uagb-infobox-left uagb-infobox-image-valign-middle\"><div class=\"uagb-ifb-content\"><div class=\"uagb-ifb-left-title-image\"><div class=\"uagb-ifb-icon-wrap\"><svg xmlns=\"https:\/\/www.w3.org\/2000\/svg\" viewBox=\"0 0 448 512\"><path d=\"M384 32H64C28.65 32 0 60.65 0 96v320c0 35.35 28.65 64 64 64h320c35.35 0 64-28.65 64-64V96C448 60.65 419.3 32 384 32zM351.6 321.5l-11.62 50.39c-1.633 7.125-7.9 12.11-15.24 12.11c-126.1 0-228.7-102.6-228.7-228.8c0-7.328 4.984-13.59 12.11-15.22l50.38-11.63c7.344-1.703 14.88 2.109 17.93 9.062l23.27 54.28c2.719 6.391 .8828 13.83-4.492 18.22L168.3 232c16.99 34.61 45.14 62.75 79.77 79.75l22.02-26.91c4.344-5.391 11.85-7.25 18.24-4.484l54.24 23.25C349.5 306.6 353.3 314.2 351.6 321.5z\"><\/path><\/svg><\/div><div class=\"uagb-ifb-title-wrap\"><p class=\"uagb-ifb-title\"><a href=\"tel:+34937132121\" target=\"_blank\" data-type=\"tel\" data-id=\"tel:+937132121\" rel=\"noreferrer noopener\">93 713 21 21<\/a><\/p><\/div><\/div><\/div><\/div>\n\n\n\n<div style=\"height:10px\" aria-hidden=\"true\" class=\"wp-block-spacer\"><\/div>\n\n\n\n<div class=\"wp-block-uagb-info-box uagb-block-7212f678 uagb-infobox__content-wrap  uagb-infobox-icon-left-title uagb-infobox-left uagb-infobox-image-valign-middle\"><div class=\"uagb-ifb-content\"><div class=\"uagb-ifb-left-title-image\"><div class=\"uagb-ifb-icon-wrap\"><svg xmlns=\"https:\/\/www.w3.org\/2000\/svg\" viewBox=\"0 0 512 512\"><path d=\"M384 0H96C60.65 0 32 28.65 32 64v384c0 35.35 28.65 64 64 64h288c35.35 0 64-28.65 64-64V64C448 28.65 419.3 0 384 0zM240 128c35.35 0 64 28.65 64 64s-28.65 64-64 64c-35.34 0-64-28.65-64-64S204.7 128 240 128zM336 384h-192C135.2 384 128 376.8 128 368C128 323.8 163.8 288 208 288h64c44.18 0 80 35.82 80 80C352 376.8 344.8 384 336 384zM496 64H480v96h16C504.8 160 512 152.8 512 144v-64C512 71.16 504.8 64 496 64zM496 192H480v96h16C504.8 288 512 280.8 512 272v-64C512 199.2 504.8 192 496 192zM496 320H480v96h16c8.836 0 16-7.164 16-16v-64C512 327.2 504.8 320 496 320z\"><\/path><\/svg><\/div><div class=\"uagb-ifb-title-wrap\"><p class=\"uagb-ifb-title\"><a href=\"mailto:info@jordigiribets.com\" target=\"_blank\" rel=\"noreferrer noopener\">info@jordigiribets.com<\/a><\/p><\/div><\/div><\/div><\/div>\n\n\n\n<div style=\"height:25px\" aria-hidden=\"true\" class=\"wp-block-spacer\"><\/div>\n\n\n\n<hr class=\"wp-block-separator has-text-color has-alpha-channel-opacity has-background is-style-wide\" style=\"background-color:#399e5a;color:#399e5a\"\/>\n<\/div>\n\n\n\n<div class=\"wp-block-column is-layout-flow wp-block-column-is-layout-flow\">\n<h4 class=\"wp-block-heading has-text-align-left has-gray-900-color has-text-color has-link-color wp-elements-806616cac3579b402951e6d953ea6276\" style=\"font-size:18px;font-style:normal;font-weight:700\">Marketing y comunicaci\u00f3<\/h4>\n\n\n\n<div class=\"wp-block-uagb-info-box uagb-block-61bdd6ff uagb-infobox__content-wrap  uagb-infobox-icon-left-title uagb-infobox-left uagb-infobox-image-valign-middle\"><div class=\"uagb-ifb-content\"><div class=\"uagb-ifb-left-title-image\"><div class=\"uagb-ifb-icon-wrap\"><svg xmlns=\"https:\/\/www.w3.org\/2000\/svg\" viewBox=\"0 0 448 512\"><path d=\"M384 32H64C28.65 32 0 60.65 0 96v320c0 35.35 28.65 64 64 64h320c35.35 0 64-28.65 64-64V96C448 60.65 419.3 32 384 32zM351.6 321.5l-11.62 50.39c-1.633 7.125-7.9 12.11-15.24 12.11c-126.1 0-228.7-102.6-228.7-228.8c0-7.328 4.984-13.59 12.11-15.22l50.38-11.63c7.344-1.703 14.88 2.109 17.93 9.062l23.27 54.28c2.719 6.391 .8828 13.83-4.492 18.22L168.3 232c16.99 34.61 45.14 62.75 79.77 79.75l22.02-26.91c4.344-5.391 11.85-7.25 18.24-4.484l54.24 23.25C349.5 306.6 353.3 314.2 351.6 321.5z\"><\/path><\/svg><\/div><div class=\"uagb-ifb-title-wrap\"><p class=\"uagb-ifb-title\"><a href=\"https:\/\/wa.me\/34617394558\" data-type=\"link\" data-id=\"https:\/\/wa.me\/34617394558\" target=\"_blank\" rel=\"noopener\">617 394 558<\/a><\/p><\/div><\/div><\/div><\/div>\n\n\n\n<div style=\"height:10px\" aria-hidden=\"true\" class=\"wp-block-spacer\"><\/div>\n\n\n\n<div class=\"wp-block-uagb-info-box uagb-block-ffd8dd3a uagb-infobox__content-wrap  uagb-infobox-icon-left-title uagb-infobox-left uagb-infobox-image-valign-middle\"><div class=\"uagb-ifb-content\"><div class=\"uagb-ifb-left-title-image\"><div class=\"uagb-ifb-icon-wrap\"><svg xmlns=\"https:\/\/www.w3.org\/2000\/svg\" viewBox=\"0 0 512 512\"><path d=\"M384 0H96C60.65 0 32 28.65 32 64v384c0 35.35 28.65 64 64 64h288c35.35 0 64-28.65 64-64V64C448 28.65 419.3 0 384 0zM240 128c35.35 0 64 28.65 64 64s-28.65 64-64 64c-35.34 0-64-28.65-64-64S204.7 128 240 128zM336 384h-192C135.2 384 128 376.8 128 368C128 323.8 163.8 288 208 288h64c44.18 0 80 35.82 80 80C352 376.8 344.8 384 336 384zM496 64H480v96h16C504.8 160 512 152.8 512 144v-64C512 71.16 504.8 64 496 64zM496 192H480v96h16C504.8 288 512 280.8 512 272v-64C512 199.2 504.8 192 496 192zM496 320H480v96h16c8.836 0 16-7.164 16-16v-64C512 327.2 504.8 320 496 320z\"><\/path><\/svg><\/div><div class=\"uagb-ifb-title-wrap\"><p class=\"uagb-ifb-title\"><a href=\"mailto:marketing@jordigiribets.com\">marketing@jordigiribets.com<\/a><\/p><\/div><\/div><\/div><\/div>\n\n\n\n<div style=\"height:25px\" aria-hidden=\"true\" class=\"wp-block-spacer\"><\/div>\n\n\n\n<hr class=\"wp-block-separator has-text-color has-alpha-channel-opacity has-background is-style-wide\" style=\"background-color:#399e5a;color:#399e5a\"\/>\n<\/div>\n\n\n\n<div class=\"wp-block-column is-layout-flow wp-block-column-is-layout-flow\"><\/div>\n<\/div>\n\n\n\n<div style=\"height:35px\" aria-hidden=\"true\" class=\"wp-block-spacer\"><\/div>\n\n\n\n<div class=\"wp-block-columns is-layout-flex wp-container-core-columns-is-layout-9d6595d7 wp-block-columns-is-layout-flex\">\n<div class=\"wp-block-column is-layout-flow wp-block-column-is-layout-flow\" style=\"flex-basis:33.33%\">\n<h3 class=\"wp-block-heading has-text-color has-link-color wp-elements-710ff414e5efdeadfc8975557f2055fd\" style=\"color:#399e5a;font-size:25px;font-style:normal;font-weight:700\">On estem<\/h3>\n\n\n\n<h4 class=\"wp-block-heading has-gray-900-color has-text-color has-link-color wp-elements-758f8c6280b0d47cf7adf75b14fc5c62\" style=\"font-size:18px;font-style:normal;font-weight:700\">Oficines i magatzem a Poliny\u00e0<\/h4>\n\n\n\n<hr class=\"wp-block-separator has-text-color has-gray-900-color has-alpha-channel-opacity has-gray-900-background-color has-background is-style-wide\"\/>\n\n\n\n<p class=\"has-gray-900-color has-text-color has-link-color wp-elements-0016055f1a3d1a039d352f8ecda104b1\" style=\"font-size:18px;font-style:normal;font-weight:400\">Carrer Pablo Picasso, 3, 08213 Poliny\u00e0, Barcelona<\/p>\n\n\n\n<p class=\"has-gray-900-color has-text-color has-link-color wp-elements-ed8d9a2172c79f22d0de224fbe9a9f89\" style=\"font-size:18px;font-style:normal;font-weight:400\"><strong>Dilluns a divendres<\/strong>: 8.30 a 13.00 y 15.00 a 17.30<\/p>\n\n\n\n<p class=\"has-gray-900-color has-text-color has-link-color wp-elements-c1aa1b3ee07d61c66dcccf7e677cca3f\" style=\"font-size:18px;font-style:normal;font-weight:400\"><strong>Dissabtes<\/strong>: 8.30 a 11.00<\/p>\n\n\n\n<div class=\"wp-block-buttons is-layout-flex wp-block-buttons-is-layout-flex\">\n<div class=\"wp-block-button has-custom-font-size is-style-outline is-style-outline--1\" style=\"font-size:15px;font-style:normal;font-weight:600\"><a class=\"wp-block-button__link has-gray-900-color has-white-background-color has-text-color has-background has-link-color wp-element-button\" href=\"https:\/\/share.google\/C14BrvV6gTaT9Exq2\" style=\"border-radius:0px\" target=\"_blank\" rel=\"noopener\">Consulta aqu\u00ed els horaris<\/a><\/div>\n<\/div>\n<\/div>\n\n\n\n<div class=\"wp-block-column is-layout-flow wp-block-column-is-layout-flow\" style=\"flex-basis:66.66%\">\t\t\t<div \n\t\t\tclass=\"wp-block-uagb-google-map uagb-google-map__wrap uagb-block-28ee5f61     \"\n\t\t\tstyle=\"\" >\n\t\t\t\t<embed\n\t\t\t\t\tclass=\"uagb-google-map__iframe\"\n\t\t\t\t\ttitle=\"Google Map for \"\n\t\t\t\t\tsrc=\"https:\/\/maps.google.com\/maps?q=Calle%20Pablo%20Picasso%2C%203%2C%2008213%20Poliny%C3%A0%2C%20Barcelona&#038;z=10&#038;hl=ca&#038;t=m&#038;output=embed&#038;iwloc=near\"\n\t\t\t\t\twidth=\"640\"\n\t\t\t\t\theight=\"450\"\n\t\t\t\t\tloading=\"lazy\"\n\t\t\t\t><\/embed>\n\t\t\t<\/div>\n\t\t\t<\/div>\n<\/div>\n\n\n\n<div style=\"height:50px\" aria-hidden=\"true\" class=\"wp-block-spacer\"><\/div>\n","protected":false},"excerpt":{"rendered":"<p>Vols contactar amb la nostra fusteria? Omple el formulari i el nostre equip es posar\u00e0 en contacte amb tu per respondre la teva consulta. Et respondrem en menys de 24 hores Consultes Generals Ens vols escriure directament? Posa\u2019t en contacte amb cadascun dels nostres departaments. Comercial i administraci\u00f3 Marketing y comunicaci\u00f3 On estem Oficines i [&hellip;]<\/p>\n","protected":false},"author":1,"featured_media":0,"parent":0,"menu_order":0,"comment_status":"closed","ping_status":"closed","template":"","meta":{"_acf_changed":false,"_uag_custom_page_level_css":"","footnotes":""},"class_list":["post-3986","page","type-page","status-publish","hentry"],"acf":[],"uagb_featured_image_src":{"full":false,"thumbnail":false,"medium":false,"medium_large":false,"large":false,"1536x1536":false,"2048x2048":false,"small":false,"woocommerce_thumbnail":false,"woocommerce_single":false,"woocommerce_gallery_thumbnail":false},"uagb_author_info":{"display_name":"ManagerLTW","author_link":"https:\/\/www.jordigiribets.com\/ca\/author\/managerltw\/"},"uagb_comment_info":0,"uagb_excerpt":"Vols contactar amb la nostra fusteria? Omple el formulari i el nostre equip es posar\u00e0 en contacte amb tu per respondre la teva consulta. Et respondrem en menys de 24 hores Consultes Generals Ens vols escriure directament? Posa\u2019t en contacte amb cadascun dels nostres departaments. Comercial i administraci\u00f3 Marketing y comunicaci\u00f3 On estem Oficines i&hellip;","_links":{"self":[{"href":"https:\/\/www.jordigiribets.com\/ca\/wp-json\/wp\/v2\/pages\/3986","targetHints":{"allow":["GET"]}}],"collection":[{"href":"https:\/\/www.jordigiribets.com\/ca\/wp-json\/wp\/v2\/pages"}],"about":[{"href":"https:\/\/www.jordigiribets.com\/ca\/wp-json\/wp\/v2\/types\/page"}],"author":[{"embeddable":true,"href":"https:\/\/www.jordigiribets.com\/ca\/wp-json\/wp\/v2\/users\/1"}],"replies":[{"embeddable":true,"href":"https:\/\/www.jordigiribets.com\/ca\/wp-json\/wp\/v2\/comments?post=3986"}],"version-history":[{"count":41,"href":"https:\/\/www.jordigiribets.com\/ca\/wp-json\/wp\/v2\/pages\/3986\/revisions"}],"predecessor-version":[{"id":9023,"href":"https:\/\/www.jordigiribets.com\/ca\/wp-json\/wp\/v2\/pages\/3986\/revisions\/9023"}],"wp:attachment":[{"href":"https:\/\/www.jordigiribets.com\/ca\/wp-json\/wp\/v2\/media?parent=3986"}],"curies":[{"name":"wp","href":"https:\/\/api.w.org\/{rel}","templated":true}]}}