{"id":4172,"date":"2024-06-07T12:35:50","date_gmt":"2024-06-07T10:35:50","guid":{"rendered":"https:\/\/www.jordigiribets.com\/?page_id=4172"},"modified":"2024-09-12T16:59:26","modified_gmt":"2024-09-12T14:59:26","slug":"empresa-fusta-exterior","status":"publish","type":"page","link":"https:\/\/www.jordigiribets.com\/ca\/empresa-fusta-exterior\/","title":{"rendered":"Empresa"},"content":{"rendered":"\n<header class=\"wp-block-cover alignfull has-white-color has-text-color has-link-color wp-elements-2faada5d05a8233326081f525d299a6c\" style=\"min-height:300px;aspect-ratio:unset;\"><span aria-hidden=\"true\" class=\"wp-block-cover__background has-gray-900-background-color has-background-dim\"><\/span><img loading=\"lazy\" decoding=\"async\" width=\"2048\" height=\"1367\" class=\"wp-block-cover__image-background wp-image-7296\" alt=\"\" src=\"https:\/\/www.jordigiribets.com\/wp-content\/uploads\/2024\/09\/wood-bars-scaled.jpg\" data-object-fit=\"cover\" title=\"\" srcset=\"https:\/\/www.jordigiribets.com\/wp-content\/uploads\/2024\/09\/wood-bars-scaled.jpg 2048w, https:\/\/www.jordigiribets.com\/wp-content\/uploads\/2024\/09\/wood-bars-480x320.jpg 480w, https:\/\/www.jordigiribets.com\/wp-content\/uploads\/2024\/09\/wood-bars-986x658.jpg 986w, https:\/\/www.jordigiribets.com\/wp-content\/uploads\/2024\/09\/wood-bars-768x513.jpg 768w, https:\/\/www.jordigiribets.com\/wp-content\/uploads\/2024\/09\/wood-bars-1536x1025.jpg 1536w, https:\/\/www.jordigiribets.com\/wp-content\/uploads\/2024\/09\/wood-bars-380x254.jpg 380w\" sizes=\"auto, (max-width: 2048px) 100vw, 2048px\" \/><div class=\"wp-block-cover__inner-container is-layout-constrained wp-block-cover-is-layout-constrained\">\n<p class=\"has-text-align-center has-white-color has-text-color has-link-color wp-elements-f1c992a67a4e0b61e6b3aa0e78bc6536\" style=\"font-size:29px;font-style:normal;font-weight:600\">Aportant solucions en espais exteriors amb fusta exterior des de 2001<\/p>\n<\/div><\/header>\n\n\n\n<div class=\"wp-block-columns are-vertically-aligned-center is-layout-flex wp-container-core-columns-is-layout-9d6595d7 wp-block-columns-is-layout-flex\">\n<div class=\"wp-block-column is-vertically-aligned-center is-layout-flow wp-block-column-is-layout-flow\">\n<h2 class=\"wp-block-heading has-text-color has-link-color wp-elements-e7cc21aaa130b431cf79b677d7e25731\" style=\"color:#399e5a;font-size:25px;font-style:normal;font-weight:500\">Hist\u00f2ria Corporativa<\/h2>\n\n\n\n<main class=\"wp-block-group has-text-color has-link-color wp-elements-e985424568687de579d501f3f7a66d81\" style=\"color:#1d1d1b;font-size:15px;font-style:normal;font-weight:400\"><div class=\"wp-block-group__inner-container is-layout-constrained wp-block-group-is-layout-constrained\">\n<p>Any 2001, el Sr.&nbsp;Giribets&nbsp;Montal, construeix un magatzem de m\u00e9s de 1500 m\u00b2 a Poliny\u00e0 (Barcelona) amb l&#8217;objectiu de comercialitzar articles de fusta exterior, principalment amb tractament autoclau classe 4.<\/p>\n\n\n\n<p>Com a negoci familiar,&nbsp;la visi\u00f3 sempre ha tingut el prop\u00f2sit d&#8217;oferir un servei i assessorament excel\u00b7lent a cada client que necessita comprar articles per al seu jard\u00ed o per a qualsevol projecte en exterior.<\/p>\n\n\n\n<p>Gr\u00e0cies als esfor\u00e7os i treball de cadascun dels treballadors que van passar per l&#8217;empresa, Jordi&nbsp;Giribets&nbsp;Montal&nbsp;SLU \u00e9s una d&#8217;\u00e9s reconeguda pel seu subministrament de fusta tractada per a professionals, empreses i ajuntaments.<\/p>\n\n\n\n<p>Actualment, oferim solucions integrals per a projectes en exteriors. La nostra hist\u00f2ria ens ha ensenyat la import\u00e0ncia del comprom\u00eds, la qualitat i l&#8217;excel\u00b7l\u00e8ncia en tot el que fem.<\/p>\n\n\n\n<p>Continuem creixent i evolucionant per a satisfer les necessitats canviants dels nostres clients i oferir solucions innovadores.<\/p>\n<\/div><\/main>\n<\/div>\n\n\n\n<div class=\"wp-block-column is-vertically-aligned-center is-layout-flow wp-block-column-is-layout-flow\">\n<figure class=\"wp-block-image size-full\"><img loading=\"lazy\" decoding=\"async\" width=\"2048\" height=\"1365\" src=\"https:\/\/www.jordigiribets.com\/wp-content\/uploads\/2024\/06\/DSCF2920-scaled-1.jpg\" alt=\"\" class=\"wp-image-5298\" style=\"aspect-ratio:1;object-fit:contain\" title=\"\" srcset=\"https:\/\/www.jordigiribets.com\/wp-content\/uploads\/2024\/06\/DSCF2920-scaled-1.jpg 2048w, https:\/\/www.jordigiribets.com\/wp-content\/uploads\/2024\/06\/DSCF2920-scaled-1-500x333.jpg 500w, https:\/\/www.jordigiribets.com\/wp-content\/uploads\/2024\/06\/DSCF2920-scaled-1-480x320.jpg 480w, https:\/\/www.jordigiribets.com\/wp-content\/uploads\/2024\/06\/DSCF2920-scaled-1-986x657.jpg 986w, https:\/\/www.jordigiribets.com\/wp-content\/uploads\/2024\/06\/DSCF2920-scaled-1-768x512.jpg 768w, https:\/\/www.jordigiribets.com\/wp-content\/uploads\/2024\/06\/DSCF2920-scaled-1-1536x1024.jpg 1536w\" sizes=\"auto, (max-width: 2048px) 100vw, 2048px\" \/><\/figure>\n<\/div>\n<\/div>\n\n\n\n<div class=\"wp-block-group\"><div class=\"wp-block-group__inner-container is-layout-constrained wp-block-group-is-layout-constrained\">\n<div class=\"wp-block-group\"><div class=\"wp-block-group__inner-container is-layout-constrained wp-block-group-is-layout-constrained\">\n<h3 class=\"wp-block-heading has-text-align-center has-text-color has-link-color wp-elements-809f4079fbcb9723226d3edfe4c029c5\" style=\"color:#399e5a;font-size:20px;font-style:normal;font-weight:500\">Segells T\u00e8cnics, Certificacions i Ecoetiquetes<\/h3>\n\n\n\n<p class=\"has-text-align-center has-text-color has-link-color wp-elements-7c01b42f18c0852020f8435b17a3bb92\" style=\"color:#1d1d1b;font-size:15px;font-style:normal;font-weight:400\">Gran part de la nostra fusta prov\u00e9 de boscos gestionats de manera sostenible amb certificaci\u00f3&nbsp;PEFC&nbsp;o&nbsp;FSC. Aquesta t\u00e9 diferents proced\u00e8ncies, des de productes de Km.0 fins de pa\u00efsos de l&#8217;Est i Nord d&#8217;Europa.<\/p>\n\n\n\n<p class=\"has-text-align-center has-text-color has-link-color wp-elements-dcb41ade34a17b787fbaebc91e3de6f4\" style=\"color:#1d1d1b;font-size:15px;font-style:normal;font-weight:400\">Treballem amb un producte de llarga durada gr\u00e0cies al nostre proc\u00e9s de producci\u00f3 cuidat i detallat. Sempre recomanem als nostres clients que consultin amb els nostres especialistes sobre les condicions d&#8217;instal\u00b7laci\u00f3.<\/p>\n<\/div><\/div>\n\n\n\n<div class=\"wp-block-columns is-layout-flex wp-container-core-columns-is-layout-9d6595d7 wp-block-columns-is-layout-flex\">\n<div class=\"wp-block-column is-vertically-aligned-center is-layout-flow wp-block-column-is-layout-flow\">\n<div class=\"wp-block-buttons is-content-justification-center is-layout-flex wp-container-core-buttons-is-layout-16018d1d wp-block-buttons-is-layout-flex\">\n<div class=\"wp-block-button has-custom-width wp-block-button__width-75 has-custom-font-size is-style-fill\" style=\"font-size:15px;font-style:normal;font-weight:600\"><a class=\"wp-block-button__link has-white-color has-text-color has-background has-link-color has-text-align-center wp-element-button\" href=\"https:\/\/www.jordigiribets.com\/ca\/tipus-de-fustes\/\" style=\"border-radius:0px;background-color:#399e5b\" target=\"_blank\" rel=\"https:\/\/www.jordigiribets.com\/nuestras-maderas\/ noreferrer noopener\">Tipus de Fusta<\/a><\/div>\n<\/div>\n<\/div>\n\n\n\n<div class=\"wp-block-column is-layout-flow wp-block-column-is-layout-flow\">\n<div class=\"wp-block-buttons is-content-justification-center is-layout-flex wp-container-core-buttons-is-layout-16018d1d wp-block-buttons-is-layout-flex\">\n<div class=\"wp-block-button has-custom-width wp-block-button__width-75 has-custom-font-size is-style-fill\" style=\"font-size:15px;font-style:normal;font-weight:600\"><a class=\"wp-block-button__link has-white-color has-text-color has-background has-link-color has-text-align-center wp-element-button\" style=\"border-radius:0px;background-color:#399e5b\">Tractament Autoclau<\/a><\/div>\n<\/div>\n<\/div>\n\n\n\n<div class=\"wp-block-column is-layout-flow wp-block-column-is-layout-flow\">\n<div class=\"wp-block-buttons is-content-justification-center is-layout-flex wp-container-core-buttons-is-layout-16018d1d wp-block-buttons-is-layout-flex\">\n<div class=\"wp-block-button has-custom-width wp-block-button__width-75 has-custom-font-size is-style-fill\" style=\"font-size:15px;font-style:normal;font-weight:600\"><a class=\"wp-block-button__link has-white-color has-text-color has-background has-link-color has-text-align-center wp-element-button\" style=\"border-radius:0px;background-color:#399e5b\">Centre Operatiu<\/a><\/div>\n<\/div>\n<\/div>\n<\/div>\n<\/div><\/div>\n","protected":false},"excerpt":{"rendered":"<p>Hist\u00f2ria Corporativa Any 2001, el Sr.&nbsp;Giribets&nbsp;Montal, construeix un magatzem de m\u00e9s de 1500 m\u00b2 a Poliny\u00e0 (Barcelona) amb l&#8217;objectiu de comercialitzar articles de fusta exterior, principalment amb tractament autoclau classe 4. Com a negoci familiar,&nbsp;la visi\u00f3 sempre ha tingut el prop\u00f2sit d&#8217;oferir un servei i assessorament excel\u00b7lent a cada client que necessita comprar articles per [&hellip;]<\/p>\n","protected":false},"author":1,"featured_media":0,"parent":0,"menu_order":0,"comment_status":"closed","ping_status":"closed","template":"","meta":{"_acf_changed":false,"_uag_custom_page_level_css":"","footnotes":""},"class_list":["post-4172","page","type-page","status-publish","hentry"],"acf":[],"uagb_featured_image_src":{"full":false,"thumbnail":false,"medium":false,"medium_large":false,"large":false,"1536x1536":false,"2048x2048":false,"small":false,"woocommerce_thumbnail":false,"woocommerce_single":false,"woocommerce_gallery_thumbnail":false},"uagb_author_info":{"display_name":"ManagerLTW","author_link":"https:\/\/www.jordigiribets.com\/ca\/author\/managerltw\/"},"uagb_comment_info":0,"uagb_excerpt":"Hist\u00f2ria Corporativa Any 2001, el Sr.&nbsp;Giribets&nbsp;Montal, construeix un magatzem de m\u00e9s de 1500 m\u00b2 a Poliny\u00e0 (Barcelona) amb l&#8217;objectiu de comercialitzar articles de fusta exterior, principalment amb tractament autoclau classe 4. Com a negoci familiar,&nbsp;la visi\u00f3 sempre ha tingut el prop\u00f2sit d&#8217;oferir un servei i assessorament excel\u00b7lent a cada client que necessita comprar articles per&hellip;","_links":{"self":[{"href":"https:\/\/www.jordigiribets.com\/ca\/wp-json\/wp\/v2\/pages\/4172","targetHints":{"allow":["GET"]}}],"collection":[{"href":"https:\/\/www.jordigiribets.com\/ca\/wp-json\/wp\/v2\/pages"}],"about":[{"href":"https:\/\/www.jordigiribets.com\/ca\/wp-json\/wp\/v2\/types\/page"}],"author":[{"embeddable":true,"href":"https:\/\/www.jordigiribets.com\/ca\/wp-json\/wp\/v2\/users\/1"}],"replies":[{"embeddable":true,"href":"https:\/\/www.jordigiribets.com\/ca\/wp-json\/wp\/v2\/comments?post=4172"}],"version-history":[{"count":34,"href":"https:\/\/www.jordigiribets.com\/ca\/wp-json\/wp\/v2\/pages\/4172\/revisions"}],"predecessor-version":[{"id":7320,"href":"https:\/\/www.jordigiribets.com\/ca\/wp-json\/wp\/v2\/pages\/4172\/revisions\/7320"}],"wp:attachment":[{"href":"https:\/\/www.jordigiribets.com\/ca\/wp-json\/wp\/v2\/media?parent=4172"}],"curies":[{"name":"wp","href":"https:\/\/api.w.org\/{rel}","templated":true}]}}