{"id":2151,"date":"2024-01-16T15:19:19","date_gmt":"2024-01-16T14:19:19","guid":{"rendered":"http:\/\/jordigiribets.vl23986.dinaserver.com\/producto\/traviesas-de-pino\/"},"modified":"2025-03-10T12:12:26","modified_gmt":"2025-03-10T11:12:26","slug":"travesses-de-fusta-pi","status":"publish","type":"product","link":"https:\/\/www.jordigiribets.com\/ca\/producte\/travesses-de-fusta-pi\/","title":{"rendered":"Travesses de Fusta Pi"},"content":{"rendered":"<h5 data-start=\"83\" data-end=\"390\"><strong>Travesses de fusta ecol\u00f2giques<\/strong><\/h5>\n<p data-start=\"83\" data-end=\"390\">Les nostres <strong data-start=\"95\" data-end=\"123\">travesses de fusta de pi<\/strong> han estat tractades en <strong data-start=\"147\" data-end=\"171\">autoclau de classe 4<\/strong>, cosa que garanteix la seva resist\u00e8ncia a la humitat, als insectes i als agents externs. S\u00f3n una versi\u00f3 moderna de les antigues <strong data-start=\"300\" data-end=\"321\">travesses de tren<\/strong>, per\u00f2 amb un <strong data-start=\"335\" data-end=\"358\">tractament ecol\u00f2gic<\/strong> que n\u2019allarga la durabilitat.<\/p>\n<p data-start=\"392\" data-end=\"824\">Gr\u00e0cies a la seva <strong data-start=\"410\" data-end=\"457\">adaptabilitat i f\u00e0cil integraci\u00f3 a l\u2019entorn<\/strong>, les <strong data-start=\"463\" data-end=\"497\">travesses ecol\u00f2giques de fusta<\/strong> s\u00f3n ideals per a <strong data-start=\"515\" data-end=\"543\">jardineria i paisatgisme<\/strong>. S\u2019utilitzen habitualment com a <strong data-start=\"576\" data-end=\"679\">delimitadors de terreny, graons per a escales de fusta, murs de contenci\u00f3 i estructures decoratives<\/strong>. La seva <strong data-start=\"689\" data-end=\"705\">versatilitat<\/strong> les converteix en una excel\u00b7lent opci\u00f3 per a qualsevol projecte d\u2019exterior, oferint un acabat <strong data-start=\"800\" data-end=\"821\">natural i durador<\/strong>.<\/p>\n<p data-start=\"826\" data-end=\"982\" data-is-last-node=\"\" data-is-only-node=\"\">Si busques una soluci\u00f3 <strong data-start=\"849\" data-end=\"884\">resistent, est\u00e8tica i funcional<\/strong> per als teus espais, les <strong data-start=\"910\" data-end=\"954\">travesses de fusta tractades en autoclau<\/strong> s\u00f3n la millor elecci\u00f3.<\/p>\n","protected":false},"excerpt":{"rendered":"<p>Travesses de fusta ecol\u00f2giques Les nostres travesses de fusta de pi han estat tractades en autoclau de classe 4, cosa que garanteix la seva resist\u00e8ncia a la humitat, als insectes i als agents externs. S\u00f3n una versi\u00f3 moderna de les antigues travesses de tren, per\u00f2 amb un tractament ecol\u00f2gic que n\u2019allarga la durabilitat. Gr\u00e0cies a [&hellip;]<\/p>\n","protected":false},"featured_media":6907,"comment_status":"closed","ping_status":"closed","template":"","meta":{"_acf_changed":false,"_uag_custom_page_level_css":""},"product_brand":[],"product_cat":[799],"product_tag":[],"class_list":{"0":"post-2151","1":"product","2":"type-product","3":"status-publish","4":"has-post-thumbnail","6":"product_cat-travesses-de-fusta-per-a-exterior","8":"first","9":"instock","10":"taxable","11":"shipping-taxable","12":"purchasable","13":"product-type-variable"},"acf":[],"uagb_featured_image_src":{"full":["https:\/\/www.jordigiribets.com\/wp-content\/uploads\/2024\/01\/Traviesas-de-madera.png",500,350,false],"thumbnail":["https:\/\/www.jordigiribets.com\/wp-content\/uploads\/2024\/01\/Traviesas-de-madera-150x150.png",150,150,true],"medium":["https:\/\/www.jordigiribets.com\/wp-content\/uploads\/2024\/01\/Traviesas-de-madera-480x336.png",480,336,true],"medium_large":["https:\/\/www.jordigiribets.com\/wp-content\/uploads\/2024\/01\/Traviesas-de-madera.png",500,350,false],"large":["https:\/\/www.jordigiribets.com\/wp-content\/uploads\/2024\/01\/Traviesas-de-madera.png",500,350,false],"1536x1536":["https:\/\/www.jordigiribets.com\/wp-content\/uploads\/2024\/01\/Traviesas-de-madera.png",500,350,false],"2048x2048":["https:\/\/www.jordigiribets.com\/wp-content\/uploads\/2024\/01\/Traviesas-de-madera.png",500,350,false],"small":["https:\/\/www.jordigiribets.com\/wp-content\/uploads\/2024\/01\/Traviesas-de-madera-380x266.png",380,266,true],"woocommerce_thumbnail":["https:\/\/www.jordigiribets.com\/wp-content\/uploads\/2024\/01\/Traviesas-de-madera.png",500,350,false],"woocommerce_single":["https:\/\/www.jordigiribets.com\/wp-content\/uploads\/2024\/01\/Traviesas-de-madera.png",500,350,false],"woocommerce_gallery_thumbnail":["https:\/\/www.jordigiribets.com\/wp-content\/uploads\/2024\/01\/Traviesas-de-madera-100x100.png",100,100,true]},"uagb_author_info":{"display_name":"Jordi Giribets Montal","author_link":"https:\/\/www.jordigiribets.com\/ca\/author\/"},"uagb_comment_info":0,"uagb_excerpt":"Travesses de fusta ecol\u00f2giques Les nostres travesses de fusta de pi han estat tractades en autoclau de classe 4, cosa que garanteix la seva resist\u00e8ncia a la humitat, als insectes i als agents externs. S\u00f3n una versi\u00f3 moderna de les antigues travesses de tren, per\u00f2 amb un tractament ecol\u00f2gic que n\u2019allarga la durabilitat. Gr\u00e0cies a&hellip;","_links":{"self":[{"href":"https:\/\/www.jordigiribets.com\/ca\/wp-json\/wp\/v2\/product\/2151","targetHints":{"allow":["GET"]}}],"collection":[{"href":"https:\/\/www.jordigiribets.com\/ca\/wp-json\/wp\/v2\/product"}],"about":[{"href":"https:\/\/www.jordigiribets.com\/ca\/wp-json\/wp\/v2\/types\/product"}],"replies":[{"embeddable":true,"href":"https:\/\/www.jordigiribets.com\/ca\/wp-json\/wp\/v2\/comments?post=2151"}],"wp:featuredmedia":[{"embeddable":true,"href":"https:\/\/www.jordigiribets.com\/ca\/wp-json\/wp\/v2\/media\/6907"}],"wp:attachment":[{"href":"https:\/\/www.jordigiribets.com\/ca\/wp-json\/wp\/v2\/media?parent=2151"}],"wp:term":[{"taxonomy":"product_brand","embeddable":true,"href":"https:\/\/www.jordigiribets.com\/ca\/wp-json\/wp\/v2\/product_brand?post=2151"},{"taxonomy":"product_cat","embeddable":true,"href":"https:\/\/www.jordigiribets.com\/ca\/wp-json\/wp\/v2\/product_cat?post=2151"},{"taxonomy":"product_tag","embeddable":true,"href":"https:\/\/www.jordigiribets.com\/ca\/wp-json\/wp\/v2\/product_tag?post=2151"}],"curies":[{"name":"wp","href":"https:\/\/api.w.org\/{rel}","templated":true}]}}