{"id":2170,"date":"2024-01-16T12:36:38","date_gmt":"2024-01-16T11:36:38","guid":{"rendered":"http:\/\/jordigiribets.vl23986.dinaserver.com\/producto\/rectangulares-laminados\/"},"modified":"2024-09-17T12:58:24","modified_gmt":"2024-09-17T10:58:24","slug":"bigues-de-fusta-laminada-avet","status":"publish","type":"product","link":"https:\/\/www.jordigiribets.com\/ca\/producte\/bigues-de-fusta-laminada-avet\/","title":{"rendered":"Bigues de Fusta Laminada Rectangular d&#8217;Avet"},"content":{"rendered":"<p>Bigues de fusta laminada d&#8217;avet tractades amb autoclau classe IV. Amb forma totalment rectangular i raspallats, s\u00f3n elements estructurals fabricats a partir de l\u00e0mines de fusta d&#8217;avet que s&#8217;uneixen i peguen juntes per a formar una biga m\u00e9s gran i resistent. El proc\u00e9s de laminaci\u00f3 implica prendre capes primes de fusta, conegudes com a l\u00e0mines o l\u00e0mines de xapa, i unir-les amb adhesius forts per a crear una pe\u00e7a s\u00f2lida i duradora.<\/p>\n","protected":false},"excerpt":{"rendered":"<p>Bigues de fusta laminada d&#8217;avet tractades amb autoclau classe IV. Amb forma totalment rectangular i raspallats, s\u00f3n elements estructurals fabricats a partir de l\u00e0mines de fusta d&#8217;avet que s&#8217;uneixen i peguen juntes per a formar una biga m\u00e9s gran i resistent. El proc\u00e9s de laminaci\u00f3 implica prendre capes primes de fusta, conegudes com a l\u00e0mines [&hellip;]<\/p>\n","protected":false},"featured_media":6898,"comment_status":"closed","ping_status":"closed","template":"","meta":{"_acf_changed":false,"_uag_custom_page_level_css":""},"product_brand":[],"product_cat":[789],"product_tag":[],"class_list":{"0":"post-2170","1":"product","2":"type-product","3":"status-publish","4":"has-post-thumbnail","6":"product_cat-bigues-de-fusta","8":"first","9":"instock","10":"taxable","11":"shipping-taxable","12":"purchasable","13":"product-type-variable"},"acf":[],"uagb_featured_image_src":{"full":["https:\/\/www.jordigiribets.com\/wp-content\/uploads\/2024\/01\/Vigas-laminadas-de-abeto.png",500,350,false],"thumbnail":["https:\/\/www.jordigiribets.com\/wp-content\/uploads\/2024\/01\/Vigas-laminadas-de-abeto-150x150.png",150,150,true],"medium":["https:\/\/www.jordigiribets.com\/wp-content\/uploads\/2024\/01\/Vigas-laminadas-de-abeto-480x336.png",480,336,true],"medium_large":["https:\/\/www.jordigiribets.com\/wp-content\/uploads\/2024\/01\/Vigas-laminadas-de-abeto.png",500,350,false],"large":["https:\/\/www.jordigiribets.com\/wp-content\/uploads\/2024\/01\/Vigas-laminadas-de-abeto.png",500,350,false],"1536x1536":["https:\/\/www.jordigiribets.com\/wp-content\/uploads\/2024\/01\/Vigas-laminadas-de-abeto.png",500,350,false],"2048x2048":["https:\/\/www.jordigiribets.com\/wp-content\/uploads\/2024\/01\/Vigas-laminadas-de-abeto.png",500,350,false],"small":["https:\/\/www.jordigiribets.com\/wp-content\/uploads\/2024\/01\/Vigas-laminadas-de-abeto-380x266.png",380,266,true],"woocommerce_thumbnail":["https:\/\/www.jordigiribets.com\/wp-content\/uploads\/2024\/01\/Vigas-laminadas-de-abeto.png",500,350,false],"woocommerce_single":["https:\/\/www.jordigiribets.com\/wp-content\/uploads\/2024\/01\/Vigas-laminadas-de-abeto.png",500,350,false],"woocommerce_gallery_thumbnail":["https:\/\/www.jordigiribets.com\/wp-content\/uploads\/2024\/01\/Vigas-laminadas-de-abeto-100x100.png",100,100,true]},"uagb_author_info":{"display_name":"Jordi Giribets Montal","author_link":"https:\/\/www.jordigiribets.com\/ca\/author\/"},"uagb_comment_info":0,"uagb_excerpt":"Bigues de fusta laminada d&#8217;avet tractades amb autoclau classe IV. Amb forma totalment rectangular i raspallats, s\u00f3n elements estructurals fabricats a partir de l\u00e0mines de fusta d&#8217;avet que s&#8217;uneixen i peguen juntes per a formar una biga m\u00e9s gran i resistent. El proc\u00e9s de laminaci\u00f3 implica prendre capes primes de fusta, conegudes com a l\u00e0mines&hellip;","_links":{"self":[{"href":"https:\/\/www.jordigiribets.com\/ca\/wp-json\/wp\/v2\/product\/2170","targetHints":{"allow":["GET"]}}],"collection":[{"href":"https:\/\/www.jordigiribets.com\/ca\/wp-json\/wp\/v2\/product"}],"about":[{"href":"https:\/\/www.jordigiribets.com\/ca\/wp-json\/wp\/v2\/types\/product"}],"replies":[{"embeddable":true,"href":"https:\/\/www.jordigiribets.com\/ca\/wp-json\/wp\/v2\/comments?post=2170"}],"wp:featuredmedia":[{"embeddable":true,"href":"https:\/\/www.jordigiribets.com\/ca\/wp-json\/wp\/v2\/media\/6898"}],"wp:attachment":[{"href":"https:\/\/www.jordigiribets.com\/ca\/wp-json\/wp\/v2\/media?parent=2170"}],"wp:term":[{"taxonomy":"product_brand","embeddable":true,"href":"https:\/\/www.jordigiribets.com\/ca\/wp-json\/wp\/v2\/product_brand?post=2170"},{"taxonomy":"product_cat","embeddable":true,"href":"https:\/\/www.jordigiribets.com\/ca\/wp-json\/wp\/v2\/product_cat?post=2170"},{"taxonomy":"product_tag","embeddable":true,"href":"https:\/\/www.jordigiribets.com\/ca\/wp-json\/wp\/v2\/product_tag?post=2170"}],"curies":[{"name":"wp","href":"https:\/\/api.w.org\/{rel}","templated":true}]}}