{"id":2230,"date":"2024-01-12T12:12:32","date_gmt":"2024-01-12T11:12:32","guid":{"rendered":"http:\/\/jordigiribets.vl23986.dinaserver.com\/producto\/medios-postes\/"},"modified":"2024-09-17T13:03:29","modified_gmt":"2024-09-17T11:03:29","slug":"mitjos-pals-de-fusta-tornejats","status":"publish","type":"product","link":"https:\/\/www.jordigiribets.com\/ca\/producte\/mitjos-pals-de-fusta-tornejats\/","title":{"rendered":"Mitjos Pals de Fusta Tornejats"},"content":{"rendered":"<p>Mitjos Pals de Fusta Tornejats de pi tractats amb autoclau classe IV. Amb forma totalment cil\u00edndrica i raspallats s\u00f3n ideals per a tancats, construcci\u00f3 de tanques i tancaments o en h\u00edpiques i estables de cavalls.<\/p>\n","protected":false},"excerpt":{"rendered":"<p>Mitjos Pals de Fusta Tornejats de pi tractats amb autoclau classe IV. Amb forma totalment cil\u00edndrica i raspallats s\u00f3n ideals per a tancats, construcci\u00f3 de tanques i tancaments o en h\u00edpiques i estables de cavalls.<\/p>\n","protected":false},"featured_media":6878,"comment_status":"closed","ping_status":"closed","template":"","meta":{"_acf_changed":false,"_uag_custom_page_level_css":""},"product_brand":[],"product_cat":[705],"product_tag":[],"class_list":{"0":"post-2230","1":"product","2":"type-product","3":"status-publish","4":"has-post-thumbnail","6":"product_cat-pals-de-fusta","8":"first","9":"outofstock","10":"taxable","11":"shipping-taxable","12":"purchasable","13":"product-type-variable"},"acf":[],"uagb_featured_image_src":{"full":["https:\/\/www.jordigiribets.com\/wp-content\/uploads\/2024\/01\/Semi-postes-madera-redondos.png",500,350,false],"thumbnail":["https:\/\/www.jordigiribets.com\/wp-content\/uploads\/2024\/01\/Semi-postes-madera-redondos-150x150.png",150,150,true],"medium":["https:\/\/www.jordigiribets.com\/wp-content\/uploads\/2024\/01\/Semi-postes-madera-redondos-480x336.png",480,336,true],"medium_large":["https:\/\/www.jordigiribets.com\/wp-content\/uploads\/2024\/01\/Semi-postes-madera-redondos.png",500,350,false],"large":["https:\/\/www.jordigiribets.com\/wp-content\/uploads\/2024\/01\/Semi-postes-madera-redondos.png",500,350,false],"1536x1536":["https:\/\/www.jordigiribets.com\/wp-content\/uploads\/2024\/01\/Semi-postes-madera-redondos.png",500,350,false],"2048x2048":["https:\/\/www.jordigiribets.com\/wp-content\/uploads\/2024\/01\/Semi-postes-madera-redondos.png",500,350,false],"small":["https:\/\/www.jordigiribets.com\/wp-content\/uploads\/2024\/01\/Semi-postes-madera-redondos-380x266.png",380,266,true],"woocommerce_thumbnail":["https:\/\/www.jordigiribets.com\/wp-content\/uploads\/2024\/01\/Semi-postes-madera-redondos.png",500,350,false],"woocommerce_single":["https:\/\/www.jordigiribets.com\/wp-content\/uploads\/2024\/01\/Semi-postes-madera-redondos.png",500,350,false],"woocommerce_gallery_thumbnail":["https:\/\/www.jordigiribets.com\/wp-content\/uploads\/2024\/01\/Semi-postes-madera-redondos-100x100.png",100,100,true]},"uagb_author_info":{"display_name":"Jordi Giribets Montal","author_link":"https:\/\/www.jordigiribets.com\/ca\/author\/"},"uagb_comment_info":0,"uagb_excerpt":"Mitjos Pals de Fusta Tornejats de pi tractats amb autoclau classe IV. Amb forma totalment cil\u00edndrica i raspallats s\u00f3n ideals per a tancats, construcci\u00f3 de tanques i tancaments o en h\u00edpiques i estables de cavalls.","_links":{"self":[{"href":"https:\/\/www.jordigiribets.com\/ca\/wp-json\/wp\/v2\/product\/2230","targetHints":{"allow":["GET"]}}],"collection":[{"href":"https:\/\/www.jordigiribets.com\/ca\/wp-json\/wp\/v2\/product"}],"about":[{"href":"https:\/\/www.jordigiribets.com\/ca\/wp-json\/wp\/v2\/types\/product"}],"replies":[{"embeddable":true,"href":"https:\/\/www.jordigiribets.com\/ca\/wp-json\/wp\/v2\/comments?post=2230"}],"wp:featuredmedia":[{"embeddable":true,"href":"https:\/\/www.jordigiribets.com\/ca\/wp-json\/wp\/v2\/media\/6878"}],"wp:attachment":[{"href":"https:\/\/www.jordigiribets.com\/ca\/wp-json\/wp\/v2\/media?parent=2230"}],"wp:term":[{"taxonomy":"product_brand","embeddable":true,"href":"https:\/\/www.jordigiribets.com\/ca\/wp-json\/wp\/v2\/product_brand?post=2230"},{"taxonomy":"product_cat","embeddable":true,"href":"https:\/\/www.jordigiribets.com\/ca\/wp-json\/wp\/v2\/product_cat?post=2230"},{"taxonomy":"product_tag","embeddable":true,"href":"https:\/\/www.jordigiribets.com\/ca\/wp-json\/wp\/v2\/product_tag?post=2230"}],"curies":[{"name":"wp","href":"https:\/\/api.w.org\/{rel}","templated":true}]}}