{"id":2245,"date":"2024-01-11T10:49:49","date_gmt":"2024-01-11T09:49:49","guid":{"rendered":"http:\/\/jordigiribets.vl23986.dinaserver.com\/producto\/redondos-sin-punta\/"},"modified":"2024-09-17T13:06:39","modified_gmt":"2024-09-17T11:06:39","slug":"pals-tornejats","status":"publish","type":"product","link":"https:\/\/www.jordigiribets.com\/ca\/producte\/pals-tornejats\/","title":{"rendered":"Pals Tornejats Sense Punta"},"content":{"rendered":"<p>Pals Tornejats de fusta de pi tractats amb autoclau classe IV. Amb forma totalment cil\u00edndrica i raspallats s\u00f3n ideals per a tancats, construcci\u00f3 de tanques i tancaments o en h\u00edpiques o estables de cavalls.<\/p>\n","protected":false},"excerpt":{"rendered":"<p>Pals Tornejats de fusta de pi tractats amb autoclau classe IV. Amb forma totalment cil\u00edndrica i raspallats s\u00f3n ideals per a tancats, construcci\u00f3 de tanques i tancaments o en h\u00edpiques o estables de cavalls.<\/p>\n","protected":false},"featured_media":6870,"comment_status":"closed","ping_status":"closed","template":"","meta":{"_acf_changed":false,"_uag_custom_page_level_css":""},"product_brand":[],"product_cat":[705],"product_tag":[],"class_list":{"0":"post-2245","1":"product","2":"type-product","3":"status-publish","4":"has-post-thumbnail","6":"product_cat-pals-de-fusta","8":"first","9":"instock","10":"taxable","11":"shipping-taxable","12":"purchasable","13":"product-type-variable"},"acf":[],"uagb_featured_image_src":{"full":["https:\/\/www.jordigiribets.com\/wp-content\/uploads\/2024\/01\/Postes-torneados-sin-punta.png",500,350,false],"thumbnail":["https:\/\/www.jordigiribets.com\/wp-content\/uploads\/2024\/01\/Postes-torneados-sin-punta-150x150.png",150,150,true],"medium":["https:\/\/www.jordigiribets.com\/wp-content\/uploads\/2024\/01\/Postes-torneados-sin-punta-480x336.png",480,336,true],"medium_large":["https:\/\/www.jordigiribets.com\/wp-content\/uploads\/2024\/01\/Postes-torneados-sin-punta.png",500,350,false],"large":["https:\/\/www.jordigiribets.com\/wp-content\/uploads\/2024\/01\/Postes-torneados-sin-punta.png",500,350,false],"1536x1536":["https:\/\/www.jordigiribets.com\/wp-content\/uploads\/2024\/01\/Postes-torneados-sin-punta.png",500,350,false],"2048x2048":["https:\/\/www.jordigiribets.com\/wp-content\/uploads\/2024\/01\/Postes-torneados-sin-punta.png",500,350,false],"small":["https:\/\/www.jordigiribets.com\/wp-content\/uploads\/2024\/01\/Postes-torneados-sin-punta-380x266.png",380,266,true],"woocommerce_thumbnail":["https:\/\/www.jordigiribets.com\/wp-content\/uploads\/2024\/01\/Postes-torneados-sin-punta.png",500,350,false],"woocommerce_single":["https:\/\/www.jordigiribets.com\/wp-content\/uploads\/2024\/01\/Postes-torneados-sin-punta.png",500,350,false],"woocommerce_gallery_thumbnail":["https:\/\/www.jordigiribets.com\/wp-content\/uploads\/2024\/01\/Postes-torneados-sin-punta-100x100.png",100,100,true]},"uagb_author_info":{"display_name":"Jordi Giribets Montal","author_link":"https:\/\/www.jordigiribets.com\/ca\/author\/"},"uagb_comment_info":0,"uagb_excerpt":"Pals Tornejats de fusta de pi tractats amb autoclau classe IV. Amb forma totalment cil\u00edndrica i raspallats s\u00f3n ideals per a tancats, construcci\u00f3 de tanques i tancaments o en h\u00edpiques o estables de cavalls.","_links":{"self":[{"href":"https:\/\/www.jordigiribets.com\/ca\/wp-json\/wp\/v2\/product\/2245","targetHints":{"allow":["GET"]}}],"collection":[{"href":"https:\/\/www.jordigiribets.com\/ca\/wp-json\/wp\/v2\/product"}],"about":[{"href":"https:\/\/www.jordigiribets.com\/ca\/wp-json\/wp\/v2\/types\/product"}],"replies":[{"embeddable":true,"href":"https:\/\/www.jordigiribets.com\/ca\/wp-json\/wp\/v2\/comments?post=2245"}],"wp:featuredmedia":[{"embeddable":true,"href":"https:\/\/www.jordigiribets.com\/ca\/wp-json\/wp\/v2\/media\/6870"}],"wp:attachment":[{"href":"https:\/\/www.jordigiribets.com\/ca\/wp-json\/wp\/v2\/media?parent=2245"}],"wp:term":[{"taxonomy":"product_brand","embeddable":true,"href":"https:\/\/www.jordigiribets.com\/ca\/wp-json\/wp\/v2\/product_brand?post=2245"},{"taxonomy":"product_cat","embeddable":true,"href":"https:\/\/www.jordigiribets.com\/ca\/wp-json\/wp\/v2\/product_cat?post=2245"},{"taxonomy":"product_tag","embeddable":true,"href":"https:\/\/www.jordigiribets.com\/ca\/wp-json\/wp\/v2\/product_tag?post=2245"}],"curies":[{"name":"wp","href":"https:\/\/api.w.org\/{rel}","templated":true}]}}