{"id":3307,"date":"2024-04-11T10:07:35","date_gmt":"2024-04-11T08:07:35","guid":{"rendered":"https:\/\/www.jordigiribets.com\/?post_type=product&#038;p=3307"},"modified":"2024-09-17T12:47:16","modified_gmt":"2024-09-17T10:47:16","slug":"vernis-a-aigua-iruxil","status":"publish","type":"product","link":"https:\/\/www.jordigiribets.com\/ca\/producte\/vernis-a-aigua-iruxil\/","title":{"rendered":"Iruxil W Vern\u00eds a l&#8217;aigua"},"content":{"rendered":"<p>Vern\u00eds a l&#8217;aigua protector per a fusta. D&#8217;\u00fas decoratiu per a ambients tant d&#8217;interior com d&#8217;exterior. Actua de fons i acabat proporcionant a la fusta la protecci\u00f3 i el color que es desitgi des d&#8217;una primera aplicaci\u00f3. Amb protecci\u00f3 UV enfront de l&#8217;agressi\u00f3 solar, evitant aix\u00ed que la fusta es danyi o envelleixin prematurament. I agents fungicides i insecticides per a proporcionar una protecci\u00f3 biol\u00f2gica enfront de corc i fongs de blav\u00f3s.<\/p>\n","protected":false},"excerpt":{"rendered":"<p>Vern\u00eds a l&#8217;aigua protector per a fusta. D&#8217;\u00fas decoratiu per a ambients tant d&#8217;interior com d&#8217;exterior. Actua de fons i acabat proporcionant a la fusta la protecci\u00f3 i el color que es desitgi des d&#8217;una primera aplicaci\u00f3. Amb protecci\u00f3 UV enfront de l&#8217;agressi\u00f3 solar, evitant aix\u00ed que la fusta es danyi o envelleixin prematurament. I [&hellip;]<\/p>\n","protected":false},"featured_media":5946,"comment_status":"closed","ping_status":"closed","template":"","meta":{"_acf_changed":false,"_uag_custom_page_level_css":""},"product_brand":[],"product_cat":[469,473],"product_tag":[631],"class_list":{"0":"post-3307","1":"product","2":"type-product","3":"status-publish","4":"has-post-thumbnail","6":"product_cat-pintura-per-fusta-exterior","7":"product_cat-lasur-per-fusta-exterior","8":"product_tag-vernis-aigua","10":"first","11":"instock","12":"taxable","13":"shipping-taxable","14":"purchasable","15":"product-type-variable"},"acf":[],"uagb_featured_image_src":{"full":["https:\/\/www.jordigiribets.com\/wp-content\/uploads\/2024\/04\/Ikidecor-iruxil-w-lasur-al-agua-irurena.png",500,500,false],"thumbnail":["https:\/\/www.jordigiribets.com\/wp-content\/uploads\/2024\/04\/Ikidecor-iruxil-w-lasur-al-agua-irurena.png",150,150,false],"medium":["https:\/\/www.jordigiribets.com\/wp-content\/uploads\/2024\/04\/Ikidecor-iruxil-w-lasur-al-agua-irurena.png",480,480,false],"medium_large":["https:\/\/www.jordigiribets.com\/wp-content\/uploads\/2024\/04\/Ikidecor-iruxil-w-lasur-al-agua-irurena.png",500,500,false],"large":["https:\/\/www.jordigiribets.com\/wp-content\/uploads\/2024\/04\/Ikidecor-iruxil-w-lasur-al-agua-irurena.png",500,500,false],"1536x1536":["https:\/\/www.jordigiribets.com\/wp-content\/uploads\/2024\/04\/Ikidecor-iruxil-w-lasur-al-agua-irurena.png",500,500,false],"2048x2048":["https:\/\/www.jordigiribets.com\/wp-content\/uploads\/2024\/04\/Ikidecor-iruxil-w-lasur-al-agua-irurena.png",500,500,false],"small":["https:\/\/www.jordigiribets.com\/wp-content\/uploads\/2024\/04\/Ikidecor-iruxil-w-lasur-al-agua-irurena.png",380,380,false],"woocommerce_thumbnail":["https:\/\/www.jordigiribets.com\/wp-content\/uploads\/2024\/04\/Ikidecor-iruxil-w-lasur-al-agua-irurena.png",500,500,false],"woocommerce_single":["https:\/\/www.jordigiribets.com\/wp-content\/uploads\/2024\/04\/Ikidecor-iruxil-w-lasur-al-agua-irurena.png",500,500,false],"woocommerce_gallery_thumbnail":["https:\/\/www.jordigiribets.com\/wp-content\/uploads\/2024\/04\/Ikidecor-iruxil-w-lasur-al-agua-irurena-100x100.png",100,100,true]},"uagb_author_info":{"display_name":"ManagerLTW","author_link":"https:\/\/www.jordigiribets.com\/ca\/author\/"},"uagb_comment_info":0,"uagb_excerpt":"Vern\u00eds a l&#8217;aigua protector per a fusta. D&#8217;\u00fas decoratiu per a ambients tant d&#8217;interior com d&#8217;exterior. Actua de fons i acabat proporcionant a la fusta la protecci\u00f3 i el color que es desitgi des d&#8217;una primera aplicaci\u00f3. Amb protecci\u00f3 UV enfront de l&#8217;agressi\u00f3 solar, evitant aix\u00ed que la fusta es danyi o envelleixin prematurament. I&hellip;","_links":{"self":[{"href":"https:\/\/www.jordigiribets.com\/ca\/wp-json\/wp\/v2\/product\/3307","targetHints":{"allow":["GET"]}}],"collection":[{"href":"https:\/\/www.jordigiribets.com\/ca\/wp-json\/wp\/v2\/product"}],"about":[{"href":"https:\/\/www.jordigiribets.com\/ca\/wp-json\/wp\/v2\/types\/product"}],"replies":[{"embeddable":true,"href":"https:\/\/www.jordigiribets.com\/ca\/wp-json\/wp\/v2\/comments?post=3307"}],"wp:featuredmedia":[{"embeddable":true,"href":"https:\/\/www.jordigiribets.com\/ca\/wp-json\/wp\/v2\/media\/5946"}],"wp:attachment":[{"href":"https:\/\/www.jordigiribets.com\/ca\/wp-json\/wp\/v2\/media?parent=3307"}],"wp:term":[{"taxonomy":"product_brand","embeddable":true,"href":"https:\/\/www.jordigiribets.com\/ca\/wp-json\/wp\/v2\/product_brand?post=3307"},{"taxonomy":"product_cat","embeddable":true,"href":"https:\/\/www.jordigiribets.com\/ca\/wp-json\/wp\/v2\/product_cat?post=3307"},{"taxonomy":"product_tag","embeddable":true,"href":"https:\/\/www.jordigiribets.com\/ca\/wp-json\/wp\/v2\/product_tag?post=3307"}],"curies":[{"name":"wp","href":"https:\/\/api.w.org\/{rel}","templated":true}]}}