{"id":6774,"date":"2024-09-04T12:18:02","date_gmt":"2024-09-04T10:18:02","guid":{"rendered":"https:\/\/www.jordigiribets.com\/?post_type=product&#038;p=6774"},"modified":"2024-09-17T12:43:13","modified_gmt":"2024-09-17T10:43:13","slug":"postes-de-fusta-per-tanques-quadrats","status":"publish","type":"product","link":"https:\/\/www.jordigiribets.com\/ca\/producte\/postes-de-fusta-per-tanques-quadrats\/","title":{"rendered":"Postes de Fusta per Tanques Decoratius"},"content":{"rendered":"<p>Postes de fusta per tanques d&#8217;ancoratge quadrat, fabricat en fusta de pi amb autoclau classe IV, i acabat arrodonit en la punta. Els nostres pals garanteixen la uni\u00f3 de diverses tanques de fusta, aix\u00ed com per a ancorar la tanca al s\u00f2l al costat del peu d&#8217;ancoratge o la piqueta.<\/p>\n","protected":false},"excerpt":{"rendered":"<p>Postes de fusta per tanques d&#8217;ancoratge quadrat, fabricat en fusta de pi amb autoclau classe IV, i acabat arrodonit en la punta. Els nostres pals garanteixen la uni\u00f3 de diverses tanques de fusta, aix\u00ed com per a ancorar la tanca al s\u00f2l al costat del peu d&#8217;ancoratge o la piqueta.<\/p>\n","protected":false},"featured_media":6881,"comment_status":"closed","ping_status":"closed","template":"","meta":{"_acf_changed":false,"_uag_custom_page_level_css":""},"product_brand":[],"product_cat":[705],"product_tag":[],"class_list":{"0":"post-6774","1":"product","2":"type-product","3":"status-publish","4":"has-post-thumbnail","6":"product_cat-pals-de-fusta","8":"first","9":"instock","10":"taxable","11":"shipping-taxable","12":"purchasable","13":"product-type-variable"},"acf":[],"uagb_featured_image_src":{"full":["https:\/\/www.jordigiribets.com\/wp-content\/uploads\/2024\/09\/Postes-de-Madera-Vallas.png",500,350,false],"thumbnail":["https:\/\/www.jordigiribets.com\/wp-content\/uploads\/2024\/09\/Postes-de-Madera-Vallas-150x150.png",150,150,true],"medium":["https:\/\/www.jordigiribets.com\/wp-content\/uploads\/2024\/09\/Postes-de-Madera-Vallas-480x336.png",480,336,true],"medium_large":["https:\/\/www.jordigiribets.com\/wp-content\/uploads\/2024\/09\/Postes-de-Madera-Vallas.png",500,350,false],"large":["https:\/\/www.jordigiribets.com\/wp-content\/uploads\/2024\/09\/Postes-de-Madera-Vallas.png",500,350,false],"1536x1536":["https:\/\/www.jordigiribets.com\/wp-content\/uploads\/2024\/09\/Postes-de-Madera-Vallas.png",500,350,false],"2048x2048":["https:\/\/www.jordigiribets.com\/wp-content\/uploads\/2024\/09\/Postes-de-Madera-Vallas.png",500,350,false],"small":["https:\/\/www.jordigiribets.com\/wp-content\/uploads\/2024\/09\/Postes-de-Madera-Vallas-380x266.png",380,266,true],"woocommerce_thumbnail":["https:\/\/www.jordigiribets.com\/wp-content\/uploads\/2024\/09\/Postes-de-Madera-Vallas.png",500,350,false],"woocommerce_single":["https:\/\/www.jordigiribets.com\/wp-content\/uploads\/2024\/09\/Postes-de-Madera-Vallas.png",500,350,false],"woocommerce_gallery_thumbnail":["https:\/\/www.jordigiribets.com\/wp-content\/uploads\/2024\/09\/Postes-de-Madera-Vallas-100x100.png",100,100,true]},"uagb_author_info":{"display_name":"ManagerLTW","author_link":"https:\/\/www.jordigiribets.com\/ca\/author\/"},"uagb_comment_info":0,"uagb_excerpt":"Postes de fusta per tanques d&#8217;ancoratge quadrat, fabricat en fusta de pi amb autoclau classe IV, i acabat arrodonit en la punta. Els nostres pals garanteixen la uni\u00f3 de diverses tanques de fusta, aix\u00ed com per a ancorar la tanca al s\u00f2l al costat del peu d&#8217;ancoratge o la piqueta.","_links":{"self":[{"href":"https:\/\/www.jordigiribets.com\/ca\/wp-json\/wp\/v2\/product\/6774","targetHints":{"allow":["GET"]}}],"collection":[{"href":"https:\/\/www.jordigiribets.com\/ca\/wp-json\/wp\/v2\/product"}],"about":[{"href":"https:\/\/www.jordigiribets.com\/ca\/wp-json\/wp\/v2\/types\/product"}],"replies":[{"embeddable":true,"href":"https:\/\/www.jordigiribets.com\/ca\/wp-json\/wp\/v2\/comments?post=6774"}],"wp:featuredmedia":[{"embeddable":true,"href":"https:\/\/www.jordigiribets.com\/ca\/wp-json\/wp\/v2\/media\/6881"}],"wp:attachment":[{"href":"https:\/\/www.jordigiribets.com\/ca\/wp-json\/wp\/v2\/media?parent=6774"}],"wp:term":[{"taxonomy":"product_brand","embeddable":true,"href":"https:\/\/www.jordigiribets.com\/ca\/wp-json\/wp\/v2\/product_brand?post=6774"},{"taxonomy":"product_cat","embeddable":true,"href":"https:\/\/www.jordigiribets.com\/ca\/wp-json\/wp\/v2\/product_cat?post=6774"},{"taxonomy":"product_tag","embeddable":true,"href":"https:\/\/www.jordigiribets.com\/ca\/wp-json\/wp\/v2\/product_tag?post=6774"}],"curies":[{"name":"wp","href":"https:\/\/api.w.org\/{rel}","templated":true}]}}